{"id":44,"date":"2012-02-21T08:42:50","date_gmt":"2012-02-21T08:42:50","guid":{"rendered":"http:\/\/www.geschmack-intl.com\/?page_id=44"},"modified":"2022-10-24T14:18:31","modified_gmt":"2022-10-24T14:18:31","slug":"cv","status":"publish","type":"page","link":"https:\/\/www.geschmack-intl.com\/?page_id=44","title":{"rendered":"CV"},"content":{"rendered":"\t\t<div data-elementor-type=\"wp-page\" data-elementor-id=\"44\" class=\"elementor elementor-44\">\n\t\t\t\t\t\t<section class=\"elementor-section elementor-top-section elementor-element elementor-element-5dbc3015 elementor-section-full_width elementor-section-content-top elementor-section-height-default elementor-section-height-default\" data-id=\"5dbc3015\" data-element_type=\"section\" data-e-type=\"section\">\n\t\t\t\t\t\t<div class=\"elementor-container elementor-column-gap-no\">\n\t\t\t\t\t<div class=\"elementor-column elementor-col-100 elementor-top-column elementor-element elementor-element-415cfddc\" data-id=\"415cfddc\" data-element_type=\"column\" data-e-type=\"column\">\n\t\t\t<div class=\"elementor-widget-wrap elementor-element-populated\">\n\t\t\t\t\t\t<div class=\"elementor-element elementor-element-69cfd1d elementor-widget elementor-widget-spacer\" data-id=\"69cfd1d\" data-element_type=\"widget\" data-e-type=\"widget\" data-widget_type=\"spacer.default\">\n\t\t\t\t<div class=\"elementor-widget-container\">\n\t\t\t\t\t\t\t<div class=\"elementor-spacer\">\n\t\t\t<div class=\"elementor-spacer-inner\"><\/div>\n\t\t<\/div>\n\t\t\t\t\t\t<\/div>\n\t\t\t\t<\/div>\n\t\t\t\t<div class=\"elementor-element elementor-element-82e8526 elementor-widget elementor-widget-heading\" data-id=\"82e8526\" data-element_type=\"widget\" data-e-type=\"widget\" data-widget_type=\"heading.default\">\n\t\t\t\t<div class=\"elementor-widget-container\">\n\t\t\t\t\t<h2 class=\"elementor-heading-title elementor-size-default\">CV<\/h2>\t\t\t\t<\/div>\n\t\t\t\t<\/div>\n\t\t\t\t<div class=\"elementor-element elementor-element-6fad0730 elementor-widget elementor-widget-text-editor\" data-id=\"6fad0730\" data-element_type=\"widget\" data-e-type=\"widget\" data-widget_type=\"text-editor.default\">\n\t\t\t\t<div class=\"elementor-widget-container\">\n\t\t\t\t\t\t\t\t\t<p><strong>Geschmack International<\/strong> (2012-)<br \/>Olika uppdrag som byr\u00e5 eller frilansande copywriter och kreat\u00f6r.<\/p><p><strong>Bates\/Y&amp;R<\/strong>, K\u00f8benhavn (2006-2012)<\/p><p><strong>Saatchi &amp; Saatchi<\/strong>, K\u00f8benhavn (2001-2006)<\/p><p><strong>Motor Reklambyr\u00e5<\/strong>, Malm\u00f6 (1998-2001)<\/p><p><strong>MOR, Marknads och Reklambyr\u00e5n<\/strong>, Malm\u00f6 (1995-1998)<\/p><p><strong>S\u00f6derg\u00e5rden Reklam<\/strong>, Malm\u00f6 (1994-1995)<\/p><p><span style=\"text-decoration: underline;\">Akademiska meriter:<\/span><\/p><p><span style=\"color: var( --e-global-color-text ); font-family: var( --e-global-typography-text-font-family ), Sans-serif; font-weight: var( --e-global-typography-text-font-weight ); font-size: 1rem;\">Svenska<\/span><span style=\"color: var( --e-global-color-text ); font-family: var( --e-global-typography-text-font-family ), Sans-serif; font-weight: var( --e-global-typography-text-font-weight ); font-size: 1rem;\">\u00a0<\/span><span style=\"color: var( --e-global-color-text ); font-family: var( --e-global-typography-text-font-family ), Sans-serif; font-weight: var( --e-global-typography-text-font-weight ); font-size: 1rem;\">vid Lunds Universitet.\u00a0<\/span><span style=\"color: var( --e-global-color-text ); font-family: var( --e-global-typography-text-font-family ), Sans-serif; font-weight: var( --e-global-typography-text-font-weight ); font-size: 1rem;\">60 p<\/span><\/p><p><span style=\"color: var( --e-global-color-text ); font-family: var( --e-global-typography-text-font-family ), Sans-serif; font-weight: var( --e-global-typography-text-font-weight ); font-size: 1rem;\">Medie- och kommunikationsvetenskap vid Lunds Universitet. 50 p<\/span><\/p>\t\t\t\t\t\t\t\t<\/div>\n\t\t\t\t<\/div>\n\t\t\t\t<div class=\"elementor-element elementor-element-07a64d7 elementor-widget elementor-widget-spacer\" data-id=\"07a64d7\" data-element_type=\"widget\" data-e-type=\"widget\" data-widget_type=\"spacer.default\">\n\t\t\t\t<div class=\"elementor-widget-container\">\n\t\t\t\t\t\t\t<div class=\"elementor-spacer\">\n\t\t\t<div class=\"elementor-spacer-inner\"><\/div>\n\t\t<\/div>\n\t\t\t\t\t\t<\/div>\n\t\t\t\t<\/div>\n\t\t\t\t<div class=\"elementor-element elementor-element-82340bb elementor-widget elementor-widget-heading\" data-id=\"82340bb\" data-element_type=\"widget\" data-e-type=\"widget\" data-widget_type=\"heading.default\">\n\t\t\t\t<div class=\"elementor-widget-container\">\n\t\t\t\t\t<h2 class=\"elementor-heading-title elementor-size-default\">St\u00f6rre eller l\u00e4ngre uppdrag.<\/h2>\t\t\t\t<\/div>\n\t\t\t\t<\/div>\n\t\t\t\t<section class=\"elementor-section elementor-inner-section elementor-element elementor-element-08aa297 elementor-section-boxed elementor-section-height-default elementor-section-height-default\" data-id=\"08aa297\" data-element_type=\"section\" data-e-type=\"section\">\n\t\t\t\t\t\t<div class=\"elementor-container elementor-column-gap-default\">\n\t\t\t\t\t<div class=\"elementor-column elementor-col-50 elementor-inner-column elementor-element elementor-element-1b4e4c9\" data-id=\"1b4e4c9\" data-element_type=\"column\" data-e-type=\"column\">\n\t\t\t<div class=\"elementor-widget-wrap elementor-element-populated\">\n\t\t\t\t\t\t<div class=\"elementor-element elementor-element-5997426 elementor-widget elementor-widget-text-editor\" data-id=\"5997426\" data-element_type=\"widget\" data-e-type=\"widget\" data-widget_type=\"text-editor.default\">\n\t\t\t\t<div class=\"elementor-widget-container\">\n\t\t\t\t\t\t\t\t\t<ul style=\"font-size: 16px; background-color: #ffffff;\"><li style=\"font-size: 16px;\">Mercedes-Benz<\/li><li style=\"font-size: 16px;\">Lurpak<\/li><li style=\"font-size: 16px;\">Danone (Aqua d&#8217;Or, Danonino, Danio, Activia, Actimel)<\/li><li style=\"font-size: 16px;\">Bel (La vache qui rit, Boursin)<\/li><li style=\"font-size: 16px;\">LG<\/li><li style=\"font-size: 16px;\">Toms<\/li><li style=\"font-size: 16px;\">Procter &amp; Gamble (Head &amp; Shoulders, Ariel, Pampers, Oil of Olay)<\/li><li style=\"font-size: 16px;\">Visa<\/li><li style=\"font-size: 16px;\">Cheerios<\/li><li style=\"font-size: 16px;\">Old El Paso<\/li><li style=\"font-size: 16px;\">Sony<\/li><li style=\"font-size: 16px;\">Schweppes<\/li><li style=\"font-size: 16px;\">Egmont<\/li><\/ul>\t\t\t\t\t\t\t\t<\/div>\n\t\t\t\t<\/div>\n\t\t\t\t\t<\/div>\n\t\t<\/div>\n\t\t\t\t<div class=\"elementor-column elementor-col-50 elementor-inner-column elementor-element elementor-element-f54b2dc\" data-id=\"f54b2dc\" data-element_type=\"column\" data-e-type=\"column\">\n\t\t\t<div class=\"elementor-widget-wrap elementor-element-populated\">\n\t\t\t\t\t\t<div class=\"elementor-element elementor-element-9a5d12e elementor-widget elementor-widget-text-editor\" data-id=\"9a5d12e\" data-element_type=\"widget\" data-e-type=\"widget\" data-widget_type=\"text-editor.default\">\n\t\t\t\t<div class=\"elementor-widget-container\">\n\t\t\t\t\t\t\t\t\t<ul style=\"font-size: 16px; background-color: #ffffff;\"><li style=\"font-size: 16px;\">\u00a0Emirates<\/li><li style=\"font-size: 16px;\"><span style=\"background-color: transparent; color: var( --e-global-color-text ); font-family: var( --e-global-typography-text-font-family ), Sans-serif; font-weight: var( --e-global-typography-text-font-weight );\">Coca Cola<\/span><\/li><li style=\"font-size: 16px;\"><span style=\"background-color: transparent; color: var( --e-global-color-text ); font-family: var( --e-global-typography-text-font-family ), Sans-serif; font-weight: var( --e-global-typography-text-font-weight );\">Chrysler<\/span><\/li><li style=\"font-size: 16px;\"><span style=\"background-color: transparent; color: var( --e-global-color-text ); font-family: var( --e-global-typography-text-font-family ), Sans-serif; font-weight: var( --e-global-typography-text-font-weight );\">Jeep<\/span><\/li><li style=\"font-size: 16px;\"><span style=\"background-color: transparent; color: var( --e-global-color-text ); font-family: var( --e-global-typography-text-font-family ), Sans-serif; font-weight: var( --e-global-typography-text-font-weight );\">Lernia<\/span><\/li><li style=\"font-size: 16px;\"><span style=\"background-color: transparent; color: var( --e-global-color-text ); font-family: var( --e-global-typography-text-font-family ), Sans-serif; font-weight: var( --e-global-typography-text-font-weight );\">Bj\u00f6rnekulla<\/span><\/li><li style=\"font-size: 16px;\"><span style=\"background-color: transparent; color: var( --e-global-color-text ); font-family: var( --e-global-typography-text-font-family ), Sans-serif; font-weight: var( --e-global-typography-text-font-weight );\">TT-Line<\/span><\/li><li style=\"font-size: 16px;\"><span style=\"background-color: transparent; color: var( --e-global-color-text ); font-family: var( --e-global-typography-text-font-family ), Sans-serif; font-weight: var( --e-global-typography-text-font-weight );\">Honda<\/span><\/li><li style=\"font-size: 16px;\"><span style=\"background-color: transparent; color: var( --e-global-color-text ); font-family: var( --e-global-typography-text-font-family ), Sans-serif; font-weight: var( --e-global-typography-text-font-weight );\">Malm\u00f6 V\u00e4rme<\/span><\/li><li style=\"font-size: 16px;\"><span style=\"background-color: transparent; color: var( --e-global-color-text ); font-family: var( --e-global-typography-text-font-family ), Sans-serif; font-weight: var( --e-global-typography-text-font-weight );\">Sydkraft<\/span><\/li><li style=\"font-size: 16px;\"><span style=\"background-color: transparent; color: var( --e-global-color-text ); font-family: var( --e-global-typography-text-font-family ), Sans-serif; font-weight: var( --e-global-typography-text-font-weight );\">Bokus.com<\/span><\/li><li style=\"font-size: 16px;\"><span style=\"background-color: transparent; color: var( --e-global-color-text ); font-family: var( --e-global-typography-text-font-family ), Sans-serif; font-weight: var( --e-global-typography-text-font-weight );\">L\u00e4nsf\u00f6rs\u00e4kringar Sk\u00e5ne<\/span><\/li><\/ul>\t\t\t\t\t\t\t\t<\/div>\n\t\t\t\t<\/div>\n\t\t\t\t\t<\/div>\n\t\t<\/div>\n\t\t\t\t\t<\/div>\n\t\t<\/section>\n\t\t\t\t<div class=\"elementor-element elementor-element-2559165 elementor-widget elementor-widget-spacer\" data-id=\"2559165\" data-element_type=\"widget\" data-e-type=\"widget\" data-widget_type=\"spacer.default\">\n\t\t\t\t<div class=\"elementor-widget-container\">\n\t\t\t\t\t\t\t<div class=\"elementor-spacer\">\n\t\t\t<div class=\"elementor-spacer-inner\"><\/div>\n\t\t<\/div>\n\t\t\t\t\t\t<\/div>\n\t\t\t\t<\/div>\n\t\t\t\t<div class=\"elementor-element elementor-element-5aee6a9 elementor-widget elementor-widget-heading\" data-id=\"5aee6a9\" data-element_type=\"widget\" data-e-type=\"widget\" data-widget_type=\"heading.default\">\n\t\t\t\t<div class=\"elementor-widget-container\">\n\t\t\t\t\t<h2 class=\"elementor-heading-title elementor-size-default\">Uppdragsgivare<\/h2>\t\t\t\t<\/div>\n\t\t\t\t<\/div>\n\t\t\t\t<section class=\"elementor-section elementor-inner-section elementor-element elementor-element-cd2f5c4 elementor-section-boxed elementor-section-height-default elementor-section-height-default\" data-id=\"cd2f5c4\" data-element_type=\"section\" data-e-type=\"section\">\n\t\t\t\t\t\t<div class=\"elementor-container elementor-column-gap-default\">\n\t\t\t\t\t<div class=\"elementor-column elementor-col-50 elementor-inner-column elementor-element elementor-element-d32e04e\" data-id=\"d32e04e\" data-element_type=\"column\" data-e-type=\"column\">\n\t\t\t<div class=\"elementor-widget-wrap elementor-element-populated\">\n\t\t\t\t\t\t<div class=\"elementor-element elementor-element-1d9f8a0 elementor-widget elementor-widget-text-editor\" data-id=\"1d9f8a0\" data-element_type=\"widget\" data-e-type=\"widget\" data-widget_type=\"text-editor.default\">\n\t\t\t\t<div class=\"elementor-widget-container\">\n\t\t\t\t\t\t\t\t\t<ul style=\"font-size: 16px; background-color: #ffffff;\"><li style=\"font-size: 16px;\">Konovalenko, Malm\u00f6<\/li><li style=\"font-size: 16px;\">POND, Stockholm<\/li><li style=\"font-size: 16px;\">Ogilvy, K\u00f6penhamn<\/li><li style=\"font-size: 16px;\">Advance, K\u00f6penhamn<\/li><li style=\"font-size: 16px;\">Specsavers<\/li><\/ul>\t\t\t\t\t\t\t\t<\/div>\n\t\t\t\t<\/div>\n\t\t\t\t\t<\/div>\n\t\t<\/div>\n\t\t\t\t<div class=\"elementor-column elementor-col-50 elementor-inner-column elementor-element elementor-element-227c9dd\" data-id=\"227c9dd\" data-element_type=\"column\" data-e-type=\"column\">\n\t\t\t<div class=\"elementor-widget-wrap elementor-element-populated\">\n\t\t\t\t\t\t<div class=\"elementor-element elementor-element-1347fcf elementor-widget elementor-widget-text-editor\" data-id=\"1347fcf\" data-element_type=\"widget\" data-e-type=\"widget\" data-widget_type=\"text-editor.default\">\n\t\t\t\t<div class=\"elementor-widget-container\">\n\t\t\t\t\t\t\t\t\t<ul style=\"font-size: 16px; background-color: #ffffff;\"><li style=\"font-size: 16px;\">Bates, K\u00f6penhamn<\/li><li style=\"font-size: 16px;\">TBWA, K\u00f6penhamn<\/li><li style=\"font-size: 16px;\">Sunrise, K\u00f6penhamn<\/li><li style=\"font-size: 16px;\">\u00a0IKEA<\/li><\/ul>\t\t\t\t\t\t\t\t<\/div>\n\t\t\t\t<\/div>\n\t\t\t\t\t<\/div>\n\t\t<\/div>\n\t\t\t\t\t<\/div>\n\t\t<\/section>\n\t\t\t\t<div class=\"elementor-element elementor-element-685de5a elementor-widget elementor-widget-spacer\" data-id=\"685de5a\" data-element_type=\"widget\" data-e-type=\"widget\" data-widget_type=\"spacer.default\">\n\t\t\t\t<div class=\"elementor-widget-container\">\n\t\t\t\t\t\t\t<div class=\"elementor-spacer\">\n\t\t\t<div class=\"elementor-spacer-inner\"><\/div>\n\t\t<\/div>\n\t\t\t\t\t\t<\/div>\n\t\t\t\t<\/div>\n\t\t\t\t<div class=\"elementor-element elementor-element-a2db404 elementor-widget elementor-widget-heading\" data-id=\"a2db404\" data-element_type=\"widget\" data-e-type=\"widget\" data-widget_type=\"heading.default\">\n\t\t\t\t<div class=\"elementor-widget-container\">\n\t\t\t\t\t<h2 class=\"elementor-heading-title elementor-size-default\">Spr\u00e5k<\/h2>\t\t\t\t<\/div>\n\t\t\t\t<\/div>\n\t\t\t\t<div class=\"elementor-element elementor-element-68b720d elementor-widget elementor-widget-text-editor\" data-id=\"68b720d\" data-element_type=\"widget\" data-e-type=\"widget\" data-widget_type=\"text-editor.default\">\n\t\t\t\t<div class=\"elementor-widget-container\">\n\t\t\t\t\t\t\t\t\t<p><strong>Svenska.<\/strong> <br \/>Akademisk utbildning i svenska.<\/p><p><strong>Engelska.<\/strong><br \/>90-95 %. Van att arbeta med engelska i b\u00e5de koncept- och utf\u00f6randestadiet.<\/p><p><strong>Danska.<\/strong><br \/>65-70 %.\u00a0 Jag har skrivit copy p\u00e5 danska, men \u00e4r lite f\u00f6r l\u00e5ngt ifr\u00e5n spr\u00e5ket f\u00f6r att kunna kalla mig tekstforfatter numera.\u00a0<\/p>\t\t\t\t\t\t\t\t<\/div>\n\t\t\t\t<\/div>\n\t\t\t\t\t<\/div>\n\t\t<\/div>\n\t\t\t\t\t<\/div>\n\t\t<\/section>\n\t\t\t\t<\/div>\n\t\t","protected":false},"excerpt":{"rendered":"<p>CV Geschmack International (2012-)Olika uppdrag som byr\u00e5 eller frilansande copywriter och kreat\u00f6r. Bates\/Y&amp;R, K\u00f8benhavn (2006-2012) Saatchi &amp; Saatchi, K\u00f8benhavn (2001-2006) Motor Reklambyr\u00e5, Malm\u00f6 (1998-2001) MOR, Marknads och Reklambyr\u00e5n, Malm\u00f6 (1995-1998) S\u00f6derg\u00e5rden Reklam, Malm\u00f6 (1994-1995) Akademiska meriter: Svenska\u00a0vid Lunds Universitet.\u00a060 p Medie- och kommunikationsvetenskap vid Lunds Universitet. 50 p St\u00f6rre eller l\u00e4ngre uppdrag. Mercedes-Benz Lurpak Danone [&hellip;]<\/p>\n","protected":false},"author":1,"featured_media":0,"parent":0,"menu_order":0,"comment_status":"closed","ping_status":"open","template":"","meta":{"footnotes":""},"class_list":["post-44","page","type-page","status-publish","hentry"],"_links":{"self":[{"href":"https:\/\/www.geschmack-intl.com\/index.php?rest_route=\/wp\/v2\/pages\/44","targetHints":{"allow":["GET"]}}],"collection":[{"href":"https:\/\/www.geschmack-intl.com\/index.php?rest_route=\/wp\/v2\/pages"}],"about":[{"href":"https:\/\/www.geschmack-intl.com\/index.php?rest_route=\/wp\/v2\/types\/page"}],"author":[{"embeddable":true,"href":"https:\/\/www.geschmack-intl.com\/index.php?rest_route=\/wp\/v2\/users\/1"}],"replies":[{"embeddable":true,"href":"https:\/\/www.geschmack-intl.com\/index.php?rest_route=%2Fwp%2Fv2%2Fcomments&post=44"}],"version-history":[{"count":10,"href":"https:\/\/www.geschmack-intl.com\/index.php?rest_route=\/wp\/v2\/pages\/44\/revisions"}],"predecessor-version":[{"id":2291,"href":"https:\/\/www.geschmack-intl.com\/index.php?rest_route=\/wp\/v2\/pages\/44\/revisions\/2291"}],"wp:attachment":[{"href":"https:\/\/www.geschmack-intl.com\/index.php?rest_route=%2Fwp%2Fv2%2Fmedia&parent=44"}],"curies":[{"name":"wp","href":"https:\/\/api.w.org\/{rel}","templated":true}]}}