{"id":2537,"date":"2025-09-24T09:34:25","date_gmt":"2025-09-24T09:34:25","guid":{"rendered":"https:\/\/www.geschmack-intl.com\/?page_id=2537"},"modified":"2025-09-24T09:34:43","modified_gmt":"2025-09-24T09:34:43","slug":"snek","status":"publish","type":"page","link":"https:\/\/www.geschmack-intl.com\/?page_id=2537","title":{"rendered":"Sn\u00eak"},"content":{"rendered":"\t\t<div data-elementor-type=\"wp-page\" data-elementor-id=\"2537\" class=\"elementor elementor-2537\">\n\t\t\t\t\t\t<section class=\"elementor-section elementor-top-section elementor-element elementor-element-33c8427c elementor-section-full_width elementor-section-content-top elementor-section-height-default elementor-section-height-default\" data-id=\"33c8427c\" data-element_type=\"section\" data-e-type=\"section\">\n\t\t\t\t\t\t<div class=\"elementor-container elementor-column-gap-no\">\n\t\t\t\t\t<div class=\"elementor-column elementor-col-100 elementor-top-column elementor-element elementor-element-4b8cf5a5\" data-id=\"4b8cf5a5\" data-element_type=\"column\" data-e-type=\"column\">\n\t\t\t<div class=\"elementor-widget-wrap elementor-element-populated\">\n\t\t\t\t\t\t<div class=\"elementor-element elementor-element-5b0fb34 elementor-widget elementor-widget-spacer\" data-id=\"5b0fb34\" data-element_type=\"widget\" data-e-type=\"widget\" data-widget_type=\"spacer.default\">\n\t\t\t\t<div class=\"elementor-widget-container\">\n\t\t\t\t\t\t\t<div class=\"elementor-spacer\">\n\t\t\t<div class=\"elementor-spacer-inner\"><\/div>\n\t\t<\/div>\n\t\t\t\t\t\t<\/div>\n\t\t\t\t<\/div>\n\t\t\t\t<section class=\"elementor-section elementor-inner-section elementor-element elementor-element-b471948 elementor-section-full_width elementor-section-height-default elementor-section-height-default\" data-id=\"b471948\" data-element_type=\"section\" data-e-type=\"section\">\n\t\t\t\t\t\t<div class=\"elementor-container elementor-column-gap-no\">\n\t\t\t\t\t<div class=\"elementor-column elementor-col-50 elementor-inner-column elementor-element elementor-element-2e4d54c\" data-id=\"2e4d54c\" data-element_type=\"column\" data-e-type=\"column\">\n\t\t\t<div class=\"elementor-widget-wrap elementor-element-populated\">\n\t\t\t\t\t\t<div class=\"elementor-element elementor-element-49574da elementor-widget elementor-widget-text-editor\" data-id=\"49574da\" data-element_type=\"widget\" data-e-type=\"widget\" data-widget_type=\"text-editor.default\">\n\t\t\t\t<div class=\"elementor-widget-container\">\n\t\t\t\t\t\t\t\t\t<p>SnKund: Sn\u00eak<br \/>Freelance f\u00f6r: Konovalenko, Malm\u00f6<\/p>\t\t\t\t\t\t\t\t<\/div>\n\t\t\t\t<\/div>\n\t\t\t\t\t<\/div>\n\t\t<\/div>\n\t\t\t\t<div class=\"elementor-column elementor-col-50 elementor-inner-column elementor-element elementor-element-6684840\" data-id=\"6684840\" data-element_type=\"column\" data-e-type=\"column\">\n\t\t\t<div class=\"elementor-widget-wrap\">\n\t\t\t\t\t\t\t<\/div>\n\t\t<\/div>\n\t\t\t\t\t<\/div>\n\t\t<\/section>\n\t\t\t\t<div class=\"elementor-element elementor-element-39e0ab1 elementor-widget elementor-widget-image\" data-id=\"39e0ab1\" data-element_type=\"widget\" data-e-type=\"widget\" data-widget_type=\"image.default\">\n\t\t\t\t<div class=\"elementor-widget-container\">\n\t\t\t\t\t\t\t\t\t\t\t\t\t\t\t<img fetchpriority=\"high\" decoding=\"async\" width=\"800\" height=\"400\" src=\"https:\/\/www.geschmack-intl.com\/wp-content\/uploads\/2025\/09\/Snek-tagline-1024x512.jpg\" class=\"attachment-large size-large wp-image-2542\" alt=\"Bild p\u00e5 Sn\u00eak tagline &quot;Snickrade k\u00f6k fr\u00e5n Norrbotten&quot;\" srcset=\"https:\/\/www.geschmack-intl.com\/wp-content\/uploads\/2025\/09\/Snek-tagline-1024x512.jpg 1024w, https:\/\/www.geschmack-intl.com\/wp-content\/uploads\/2025\/09\/Snek-tagline-300x150.jpg 300w, https:\/\/www.geschmack-intl.com\/wp-content\/uploads\/2025\/09\/Snek-tagline-150x75.jpg 150w, https:\/\/www.geschmack-intl.com\/wp-content\/uploads\/2025\/09\/Snek-tagline-768x384.jpg 768w, https:\/\/www.geschmack-intl.com\/wp-content\/uploads\/2025\/09\/Snek-tagline-1536x768.jpg 1536w, https:\/\/www.geschmack-intl.com\/wp-content\/uploads\/2025\/09\/Snek-tagline-2048x1024.jpg 2048w\" sizes=\"(max-width: 800px) 100vw, 800px\" \/>\t\t\t\t\t\t\t\t\t\t\t\t\t\t\t<\/div>\n\t\t\t\t<\/div>\n\t\t\t\t<div class=\"elementor-element elementor-element-9825e9b elementor-widget elementor-widget-text-editor\" data-id=\"9825e9b\" data-element_type=\"widget\" data-e-type=\"widget\" data-widget_type=\"text-editor.default\">\n\t\t\t\t<div class=\"elementor-widget-container\">\n\t\t\t\t\t\t\t\t\t<figure><\/figure>\n<p><!-- \/wp:image --><!-- wp:paragraph --><\/p>\n<p>Varum\u00e4rkesplattform med nytt koncept och grafisk profil f\u00f6r Sn\u00eak, ett svenskt f\u00f6retag som tillverkar kvalitetsk\u00f6k i tr\u00e4 i sitt snickeri i Norrbotten.<\/p>\n<p><!-- \/wp:paragraph --><\/p>\t\t\t\t\t\t\t\t<\/div>\n\t\t\t\t<\/div>\n\t\t\t\t<div class=\"elementor-element elementor-element-eae0afc elementor-widget elementor-widget-image\" data-id=\"eae0afc\" data-element_type=\"widget\" data-e-type=\"widget\" data-widget_type=\"image.default\">\n\t\t\t\t<div class=\"elementor-widget-container\">\n\t\t\t\t\t\t\t\t\t\t\t\t\t\t\t<img decoding=\"async\" width=\"2480\" height=\"1447\" src=\"https:\/\/www.geschmack-intl.com\/wp-content\/uploads\/2025\/09\/Snek-lada.jpg\" class=\"attachment-full size-full wp-image-2543\" alt=\"En k\u00f6ksl\u00e5da fr\u00e5n Sn\u00eak\" srcset=\"https:\/\/www.geschmack-intl.com\/wp-content\/uploads\/2025\/09\/Snek-lada.jpg 2480w, https:\/\/www.geschmack-intl.com\/wp-content\/uploads\/2025\/09\/Snek-lada-300x175.jpg 300w, https:\/\/www.geschmack-intl.com\/wp-content\/uploads\/2025\/09\/Snek-lada-1024x597.jpg 1024w, https:\/\/www.geschmack-intl.com\/wp-content\/uploads\/2025\/09\/Snek-lada-150x88.jpg 150w, https:\/\/www.geschmack-intl.com\/wp-content\/uploads\/2025\/09\/Snek-lada-768x448.jpg 768w, https:\/\/www.geschmack-intl.com\/wp-content\/uploads\/2025\/09\/Snek-lada-1536x896.jpg 1536w, https:\/\/www.geschmack-intl.com\/wp-content\/uploads\/2025\/09\/Snek-lada-2048x1195.jpg 2048w\" sizes=\"(max-width: 2480px) 100vw, 2480px\" \/>\t\t\t\t\t\t\t\t\t\t\t\t\t\t\t<\/div>\n\t\t\t\t<\/div>\n\t\t\t\t\t<\/div>\n\t\t<\/div>\n\t\t\t\t\t<\/div>\n\t\t<\/section>\n\t\t\t\t<\/div>\n\t\t","protected":false},"excerpt":{"rendered":"<p>SnKund: Sn\u00eakFreelance f\u00f6r: Konovalenko, Malm\u00f6 Varum\u00e4rkesplattform med nytt koncept och grafisk profil f\u00f6r Sn\u00eak, ett svenskt f\u00f6retag som tillverkar kvalitetsk\u00f6k i tr\u00e4 i sitt snickeri i Norrbotten.<\/p>\n","protected":false},"author":1,"featured_media":0,"parent":1541,"menu_order":0,"comment_status":"closed","ping_status":"closed","template":"elementor_header_footer","meta":{"footnotes":""},"class_list":["post-2537","page","type-page","status-publish","hentry"],"_links":{"self":[{"href":"https:\/\/www.geschmack-intl.com\/index.php?rest_route=\/wp\/v2\/pages\/2537","targetHints":{"allow":["GET"]}}],"collection":[{"href":"https:\/\/www.geschmack-intl.com\/index.php?rest_route=\/wp\/v2\/pages"}],"about":[{"href":"https:\/\/www.geschmack-intl.com\/index.php?rest_route=\/wp\/v2\/types\/page"}],"author":[{"embeddable":true,"href":"https:\/\/www.geschmack-intl.com\/index.php?rest_route=\/wp\/v2\/users\/1"}],"replies":[{"embeddable":true,"href":"https:\/\/www.geschmack-intl.com\/index.php?rest_route=%2Fwp%2Fv2%2Fcomments&post=2537"}],"version-history":[{"count":8,"href":"https:\/\/www.geschmack-intl.com\/index.php?rest_route=\/wp\/v2\/pages\/2537\/revisions"}],"predecessor-version":[{"id":2549,"href":"https:\/\/www.geschmack-intl.com\/index.php?rest_route=\/wp\/v2\/pages\/2537\/revisions\/2549"}],"up":[{"embeddable":true,"href":"https:\/\/www.geschmack-intl.com\/index.php?rest_route=\/wp\/v2\/pages\/1541"}],"wp:attachment":[{"href":"https:\/\/www.geschmack-intl.com\/index.php?rest_route=%2Fwp%2Fv2%2Fmedia&parent=2537"}],"curies":[{"name":"wp","href":"https:\/\/api.w.org\/{rel}","templated":true}]}}