{"id":2344,"date":"2022-10-29T20:23:19","date_gmt":"2022-10-29T20:23:19","guid":{"rendered":"https:\/\/www.geschmack-intl.com\/?page_id=2344"},"modified":"2023-08-10T14:47:25","modified_gmt":"2023-08-10T14:47:25","slug":"ne","status":"publish","type":"page","link":"https:\/\/www.geschmack-intl.com\/?page_id=2344","title":{"rendered":"NE"},"content":{"rendered":"\t\t<div data-elementor-type=\"wp-page\" data-elementor-id=\"2344\" class=\"elementor elementor-2344\">\n\t\t\t\t\t\t<section class=\"elementor-section elementor-top-section elementor-element elementor-element-9d8571c elementor-section-full_width elementor-section-content-top elementor-section-height-default elementor-section-height-default\" data-id=\"9d8571c\" data-element_type=\"section\" data-e-type=\"section\">\n\t\t\t\t\t\t<div class=\"elementor-container elementor-column-gap-no\">\n\t\t\t\t\t<div class=\"elementor-column elementor-col-100 elementor-top-column elementor-element elementor-element-d17d498\" data-id=\"d17d498\" data-element_type=\"column\" data-e-type=\"column\">\n\t\t\t<div class=\"elementor-widget-wrap elementor-element-populated\">\n\t\t\t\t\t\t<div class=\"elementor-element elementor-element-131b5d0 elementor-widget elementor-widget-spacer\" data-id=\"131b5d0\" data-element_type=\"widget\" data-e-type=\"widget\" data-widget_type=\"spacer.default\">\n\t\t\t\t<div class=\"elementor-widget-container\">\n\t\t\t\t\t\t\t<div class=\"elementor-spacer\">\n\t\t\t<div class=\"elementor-spacer-inner\"><\/div>\n\t\t<\/div>\n\t\t\t\t\t\t<\/div>\n\t\t\t\t<\/div>\n\t\t\t\t<section class=\"elementor-section elementor-inner-section elementor-element elementor-element-114bc78 elementor-section-full_width elementor-section-content-top elementor-section-height-default elementor-section-height-default\" data-id=\"114bc78\" data-element_type=\"section\" data-e-type=\"section\">\n\t\t\t\t\t\t<div class=\"elementor-container elementor-column-gap-no\">\n\t\t\t\t\t<div class=\"elementor-column elementor-col-50 elementor-inner-column elementor-element elementor-element-4f389cb\" data-id=\"4f389cb\" data-element_type=\"column\" data-e-type=\"column\">\n\t\t\t<div class=\"elementor-widget-wrap elementor-element-populated\">\n\t\t\t\t\t\t<div class=\"elementor-element elementor-element-893d522 elementor-widget elementor-widget-text-editor\" data-id=\"893d522\" data-element_type=\"widget\" data-e-type=\"widget\" data-widget_type=\"text-editor.default\">\n\t\t\t\t<div class=\"elementor-widget-container\">\n\t\t\t\t\t\t\t\t\t<p class=\"p1\">Kund: NE<br>Freelance f\u00f6r Konovalenko, Malm\u00f6<\/p>\t\t\t\t\t\t\t\t<\/div>\n\t\t\t\t<\/div>\n\t\t\t\t\t<\/div>\n\t\t<\/div>\n\t\t\t\t<div class=\"elementor-column elementor-col-50 elementor-inner-column elementor-element elementor-element-8255abb\" data-id=\"8255abb\" data-element_type=\"column\" data-e-type=\"column\">\n\t\t\t<div class=\"elementor-widget-wrap\">\n\t\t\t\t\t\t\t<\/div>\n\t\t<\/div>\n\t\t\t\t\t<\/div>\n\t\t<\/section>\n\t\t\t\t<div class=\"elementor-element elementor-element-31ae0f5 elementor-widget elementor-widget-text-editor\" data-id=\"31ae0f5\" data-element_type=\"widget\" data-e-type=\"widget\" data-widget_type=\"text-editor.default\">\n\t\t\t\t<div class=\"elementor-widget-container\">\n\t\t\t\t\t\t\t\t\t<p class=\"p1\">Ny varum\u00e4rkesplattform f\u00f6r NE. Nationalencyklopedin \u00e4r inte l\u00e4ngre bara ett uppslagsverk. Numera \u00e4r de Sveriges st\u00f6rsta l\u00e4romedelsf\u00f6retag. Men kunskapen de f\u00f6rmedlar g\u00e5r fortfarande genom NE:s redakt\u00f6rer och faktagranskare innan de n\u00e5r mottagaren.<\/p>\t\t\t\t\t\t\t\t<\/div>\n\t\t\t\t<\/div>\n\t\t\t\t<section class=\"elementor-section elementor-inner-section elementor-element elementor-element-9e2948e elementor-section-boxed elementor-section-height-default elementor-section-height-default\" data-id=\"9e2948e\" data-element_type=\"section\" data-e-type=\"section\">\n\t\t\t\t\t\t<div class=\"elementor-container elementor-column-gap-default\">\n\t\t\t\t\t<div class=\"elementor-column elementor-col-33 elementor-inner-column elementor-element elementor-element-c0a1b37\" data-id=\"c0a1b37\" data-element_type=\"column\" data-e-type=\"column\">\n\t\t\t<div class=\"elementor-widget-wrap elementor-element-populated\">\n\t\t\t\t\t\t<div class=\"elementor-element elementor-element-95d4e34 elementor-widget elementor-widget-image\" data-id=\"95d4e34\" data-element_type=\"widget\" data-e-type=\"widget\" data-widget_type=\"image.default\">\n\t\t\t\t<div class=\"elementor-widget-container\">\n\t\t\t\t\t\t\t\t\t\t\t\t<figure class=\"wp-caption\">\n\t\t\t\t\t\t\t\t\t\t\t<a href=\"https:\/\/www.geschmack-intl.com\/wp-content\/uploads\/2022\/10\/28-scaled.jpg\" data-elementor-open-lightbox=\"yes\" data-elementor-lightbox-title=\"_-28\" data-e-action-hash=\"#elementor-action%3Aaction%3Dlightbox%26settings%3DeyJpZCI6MjM0NiwidXJsIjoiaHR0cHM6XC9cL3d3dy5nZXNjaG1hY2staW50bC5jb21cL3dwLWNvbnRlbnRcL3VwbG9hZHNcLzIwMjJcLzEwXC8yOC1zY2FsZWQuanBnIn0%3D\">\n\t\t\t\t\t\t\t<img fetchpriority=\"high\" decoding=\"async\" width=\"2560\" height=\"1524\" src=\"https:\/\/www.geschmack-intl.com\/wp-content\/uploads\/2022\/10\/28-scaled.jpg\" class=\"attachment-full size-full wp-image-2346\" alt=\"\" srcset=\"https:\/\/www.geschmack-intl.com\/wp-content\/uploads\/2022\/10\/28-scaled.jpg 2560w, https:\/\/www.geschmack-intl.com\/wp-content\/uploads\/2022\/10\/28-300x179.jpg 300w, https:\/\/www.geschmack-intl.com\/wp-content\/uploads\/2022\/10\/28-1024x610.jpg 1024w, https:\/\/www.geschmack-intl.com\/wp-content\/uploads\/2022\/10\/28-150x89.jpg 150w, https:\/\/www.geschmack-intl.com\/wp-content\/uploads\/2022\/10\/28-768x457.jpg 768w, https:\/\/www.geschmack-intl.com\/wp-content\/uploads\/2022\/10\/28-1536x914.jpg 1536w, https:\/\/www.geschmack-intl.com\/wp-content\/uploads\/2022\/10\/28-2048x1219.jpg 2048w\" sizes=\"(max-width: 2560px) 100vw, 2560px\" \/>\t\t\t\t\t\t\t\t<\/a>\n\t\t\t\t\t\t\t\t\t\t\t<figcaption class=\"widget-image-caption wp-caption-text\">Ny brand essence\/tagline<\/figcaption>\n\t\t\t\t\t\t\t\t\t\t<\/figure>\n\t\t\t\t\t\t\t\t\t<\/div>\n\t\t\t\t<\/div>\n\t\t\t\t\t<\/div>\n\t\t<\/div>\n\t\t\t\t<div class=\"elementor-column elementor-col-33 elementor-inner-column elementor-element elementor-element-c15d404\" data-id=\"c15d404\" data-element_type=\"column\" data-e-type=\"column\">\n\t\t\t<div class=\"elementor-widget-wrap elementor-element-populated\">\n\t\t\t\t\t\t<div class=\"elementor-element elementor-element-4b13d28 elementor-widget elementor-widget-image\" data-id=\"4b13d28\" data-element_type=\"widget\" data-e-type=\"widget\" data-widget_type=\"image.default\">\n\t\t\t\t<div class=\"elementor-widget-container\">\n\t\t\t\t\t\t\t\t\t\t\t\t<figure class=\"wp-caption\">\n\t\t\t\t\t\t\t\t\t\t\t<a href=\"https:\/\/www.geschmack-intl.com\/wp-content\/uploads\/2022\/10\/NE_VMplattform_juli2022-11-scaled.jpg\" data-elementor-open-lightbox=\"yes\" data-elementor-lightbox-title=\"NE_VMplattform_juli2022-11\" data-e-action-hash=\"#elementor-action%3Aaction%3Dlightbox%26settings%3DeyJpZCI6MjM0OCwidXJsIjoiaHR0cHM6XC9cL3d3dy5nZXNjaG1hY2staW50bC5jb21cL3dwLWNvbnRlbnRcL3VwbG9hZHNcLzIwMjJcLzEwXC9ORV9WTXBsYXR0Zm9ybV9qdWxpMjAyMi0xMS1zY2FsZWQuanBnIn0%3D\">\n\t\t\t\t\t\t\t<img decoding=\"async\" width=\"2560\" height=\"1524\" src=\"https:\/\/www.geschmack-intl.com\/wp-content\/uploads\/2022\/10\/NE_VMplattform_juli2022-11-scaled.jpg\" class=\"attachment-full size-full wp-image-2348\" alt=\"\" srcset=\"https:\/\/www.geschmack-intl.com\/wp-content\/uploads\/2022\/10\/NE_VMplattform_juli2022-11-scaled.jpg 2560w, https:\/\/www.geschmack-intl.com\/wp-content\/uploads\/2022\/10\/NE_VMplattform_juli2022-11-300x179.jpg 300w, https:\/\/www.geschmack-intl.com\/wp-content\/uploads\/2022\/10\/NE_VMplattform_juli2022-11-1024x610.jpg 1024w, https:\/\/www.geschmack-intl.com\/wp-content\/uploads\/2022\/10\/NE_VMplattform_juli2022-11-150x89.jpg 150w, https:\/\/www.geschmack-intl.com\/wp-content\/uploads\/2022\/10\/NE_VMplattform_juli2022-11-768x457.jpg 768w, https:\/\/www.geschmack-intl.com\/wp-content\/uploads\/2022\/10\/NE_VMplattform_juli2022-11-1536x914.jpg 1536w, https:\/\/www.geschmack-intl.com\/wp-content\/uploads\/2022\/10\/NE_VMplattform_juli2022-11-2048x1219.jpg 2048w\" sizes=\"(max-width: 2560px) 100vw, 2560px\" \/>\t\t\t\t\t\t\t\t<\/a>\n\t\t\t\t\t\t\t\t\t\t\t<figcaption class=\"widget-image-caption wp-caption-text\">Formulering av NE:s vision<\/figcaption>\n\t\t\t\t\t\t\t\t\t\t<\/figure>\n\t\t\t\t\t\t\t\t\t<\/div>\n\t\t\t\t<\/div>\n\t\t\t\t\t<\/div>\n\t\t<\/div>\n\t\t\t\t<div class=\"elementor-column elementor-col-33 elementor-inner-column elementor-element elementor-element-ba642f8\" data-id=\"ba642f8\" data-element_type=\"column\" data-e-type=\"column\">\n\t\t\t<div class=\"elementor-widget-wrap elementor-element-populated\">\n\t\t\t\t\t\t<div class=\"elementor-element elementor-element-b58e14b elementor-widget elementor-widget-image\" data-id=\"b58e14b\" data-element_type=\"widget\" data-e-type=\"widget\" data-widget_type=\"image.default\">\n\t\t\t\t<div class=\"elementor-widget-container\">\n\t\t\t\t\t\t\t\t\t\t\t\t\t\t\t\t<a href=\"https:\/\/www.geschmack-intl.com\/wp-content\/uploads\/2022\/10\/NE_VMplattform_juli2022-15-scaled.jpg\" data-elementor-open-lightbox=\"yes\" data-elementor-lightbox-title=\"NE_VMplattform_juli2022-15\" data-e-action-hash=\"#elementor-action%3Aaction%3Dlightbox%26settings%3DeyJpZCI6MjM0OSwidXJsIjoiaHR0cHM6XC9cL3d3dy5nZXNjaG1hY2staW50bC5jb21cL3dwLWNvbnRlbnRcL3VwbG9hZHNcLzIwMjJcLzEwXC9ORV9WTXBsYXR0Zm9ybV9qdWxpMjAyMi0xNS1zY2FsZWQuanBnIn0%3D\">\n\t\t\t\t\t\t\t<img decoding=\"async\" width=\"2560\" height=\"1524\" src=\"https:\/\/www.geschmack-intl.com\/wp-content\/uploads\/2022\/10\/NE_VMplattform_juli2022-15-scaled.jpg\" class=\"attachment-full size-full wp-image-2349\" alt=\"\" srcset=\"https:\/\/www.geschmack-intl.com\/wp-content\/uploads\/2022\/10\/NE_VMplattform_juli2022-15-scaled.jpg 2560w, https:\/\/www.geschmack-intl.com\/wp-content\/uploads\/2022\/10\/NE_VMplattform_juli2022-15-300x179.jpg 300w, https:\/\/www.geschmack-intl.com\/wp-content\/uploads\/2022\/10\/NE_VMplattform_juli2022-15-1024x610.jpg 1024w, https:\/\/www.geschmack-intl.com\/wp-content\/uploads\/2022\/10\/NE_VMplattform_juli2022-15-150x89.jpg 150w, https:\/\/www.geschmack-intl.com\/wp-content\/uploads\/2022\/10\/NE_VMplattform_juli2022-15-768x457.jpg 768w, https:\/\/www.geschmack-intl.com\/wp-content\/uploads\/2022\/10\/NE_VMplattform_juli2022-15-1536x914.jpg 1536w, https:\/\/www.geschmack-intl.com\/wp-content\/uploads\/2022\/10\/NE_VMplattform_juli2022-15-2048x1219.jpg 2048w\" sizes=\"(max-width: 2560px) 100vw, 2560px\" \/>\t\t\t\t\t\t\t\t<\/a>\n\t\t\t\t\t\t\t\t\t\t\t\t\t\t\t<\/div>\n\t\t\t\t<\/div>\n\t\t\t\t\t<\/div>\n\t\t<\/div>\n\t\t\t\t\t<\/div>\n\t\t<\/section>\n\t\t\t\t\t<\/div>\n\t\t<\/div>\n\t\t\t\t\t<\/div>\n\t\t<\/section>\n\t\t\t\t<\/div>\n\t\t","protected":false},"excerpt":{"rendered":"<p>Kund: NEFreelance f\u00f6r Konovalenko, Malm\u00f6 Ny varum\u00e4rkesplattform f\u00f6r NE. Nationalencyklopedin \u00e4r inte l\u00e4ngre bara ett uppslagsverk. Numera \u00e4r de Sveriges st\u00f6rsta l\u00e4romedelsf\u00f6retag. Men kunskapen de f\u00f6rmedlar g\u00e5r fortfarande genom NE:s redakt\u00f6rer och faktagranskare innan de n\u00e5r mottagaren. Ny brand essence\/tagline Formulering av NE:s vision<\/p>\n","protected":false},"author":1,"featured_media":0,"parent":1541,"menu_order":0,"comment_status":"closed","ping_status":"closed","template":"","meta":{"footnotes":""},"class_list":["post-2344","page","type-page","status-publish","hentry"],"_links":{"self":[{"href":"https:\/\/www.geschmack-intl.com\/index.php?rest_route=\/wp\/v2\/pages\/2344","targetHints":{"allow":["GET"]}}],"collection":[{"href":"https:\/\/www.geschmack-intl.com\/index.php?rest_route=\/wp\/v2\/pages"}],"about":[{"href":"https:\/\/www.geschmack-intl.com\/index.php?rest_route=\/wp\/v2\/types\/page"}],"author":[{"embeddable":true,"href":"https:\/\/www.geschmack-intl.com\/index.php?rest_route=\/wp\/v2\/users\/1"}],"replies":[{"embeddable":true,"href":"https:\/\/www.geschmack-intl.com\/index.php?rest_route=%2Fwp%2Fv2%2Fcomments&post=2344"}],"version-history":[{"count":10,"href":"https:\/\/www.geschmack-intl.com\/index.php?rest_route=\/wp\/v2\/pages\/2344\/revisions"}],"predecessor-version":[{"id":2457,"href":"https:\/\/www.geschmack-intl.com\/index.php?rest_route=\/wp\/v2\/pages\/2344\/revisions\/2457"}],"up":[{"embeddable":true,"href":"https:\/\/www.geschmack-intl.com\/index.php?rest_route=\/wp\/v2\/pages\/1541"}],"wp:attachment":[{"href":"https:\/\/www.geschmack-intl.com\/index.php?rest_route=%2Fwp%2Fv2%2Fmedia&parent=2344"}],"curies":[{"name":"wp","href":"https:\/\/api.w.org\/{rel}","templated":true}]}}