{"id":2230,"date":"2022-05-09T14:04:37","date_gmt":"2022-05-09T14:04:37","guid":{"rendered":"https:\/\/www.geschmack-intl.com\/?page_id=2230"},"modified":"2022-05-16T08:22:17","modified_gmt":"2022-05-16T08:22:17","slug":"hey-ho","status":"publish","type":"page","link":"https:\/\/www.geschmack-intl.com\/?page_id=2230","title":{"rendered":"Hey-Ho"},"content":{"rendered":"\t\t<div data-elementor-type=\"wp-page\" data-elementor-id=\"2230\" class=\"elementor elementor-2230\">\n\t\t\t\t\t\t<section class=\"elementor-section elementor-top-section elementor-element elementor-element-33c8427c elementor-section-full_width elementor-section-content-top elementor-section-height-default elementor-section-height-default\" data-id=\"33c8427c\" data-element_type=\"section\" data-e-type=\"section\">\n\t\t\t\t\t\t<div class=\"elementor-container elementor-column-gap-no\">\n\t\t\t\t\t<div class=\"elementor-column elementor-col-100 elementor-top-column elementor-element elementor-element-4b8cf5a5\" data-id=\"4b8cf5a5\" data-element_type=\"column\" data-e-type=\"column\">\n\t\t\t<div class=\"elementor-widget-wrap elementor-element-populated\">\n\t\t\t\t\t\t<div class=\"elementor-element elementor-element-5b0fb34 elementor-widget elementor-widget-spacer\" data-id=\"5b0fb34\" data-element_type=\"widget\" data-e-type=\"widget\" data-widget_type=\"spacer.default\">\n\t\t\t\t<div class=\"elementor-widget-container\">\n\t\t\t\t\t\t\t<div class=\"elementor-spacer\">\n\t\t\t<div class=\"elementor-spacer-inner\"><\/div>\n\t\t<\/div>\n\t\t\t\t\t\t<\/div>\n\t\t\t\t<\/div>\n\t\t\t\t<section class=\"elementor-section elementor-inner-section elementor-element elementor-element-b471948 elementor-section-full_width elementor-section-height-default elementor-section-height-default\" data-id=\"b471948\" data-element_type=\"section\" data-e-type=\"section\">\n\t\t\t\t\t\t<div class=\"elementor-container elementor-column-gap-no\">\n\t\t\t\t\t<div class=\"elementor-column elementor-col-50 elementor-inner-column elementor-element elementor-element-2e4d54c\" data-id=\"2e4d54c\" data-element_type=\"column\" data-e-type=\"column\">\n\t\t\t<div class=\"elementor-widget-wrap elementor-element-populated\">\n\t\t\t\t\t\t<div class=\"elementor-element elementor-element-49574da elementor-widget elementor-widget-text-editor\" data-id=\"49574da\" data-element_type=\"widget\" data-e-type=\"widget\" data-widget_type=\"text-editor.default\">\n\t\t\t\t<div class=\"elementor-widget-container\">\n\t\t\t\t\t\t\t\t\t<p>Kund: Hey-Ho Headbands<\/p>\t\t\t\t\t\t\t\t<\/div>\n\t\t\t\t<\/div>\n\t\t\t\t\t<\/div>\n\t\t<\/div>\n\t\t\t\t<div class=\"elementor-column elementor-col-50 elementor-inner-column elementor-element elementor-element-6684840\" data-id=\"6684840\" data-element_type=\"column\" data-e-type=\"column\">\n\t\t\t<div class=\"elementor-widget-wrap\">\n\t\t\t\t\t\t\t<\/div>\n\t\t<\/div>\n\t\t\t\t\t<\/div>\n\t\t<\/section>\n\t\t\t\t<div class=\"elementor-element elementor-element-9825e9b elementor-widget elementor-widget-text-editor\" data-id=\"9825e9b\" data-element_type=\"widget\" data-e-type=\"widget\" data-widget_type=\"text-editor.default\">\n\t\t\t\t<div class=\"elementor-widget-container\">\n\t\t\t\t\t\t\t\t\t<p>Jag spelar tennis. Och jag har h\u00e5r som faller mellan mig och bollen lite f\u00f6r ofta. D\u00e4rf\u00f6r spelar jag med pannband.\u00a0<\/p><p>Pannband finns i tv\u00e5 varianter. Elastiska frott\u00e9varianter alternativt pannband som ska knytas i nacken. B\u00e4gge l\u00e4mnar n\u00e5got att \u00f6nska. D\u00e4rf\u00f6r b\u00f6rjade jag fundera p\u00e5 om det fanns en annan m\u00f6jlighet.\u00a0<span style=\"color: var( --e-global-color-text ); font-family: var( --e-global-typography-text-font-family ), Sans-serif; font-weight: var( --e-global-typography-text-font-weight ); font-size: 1rem;\">Och det blev starten f\u00f6r det som nu \u00e4r Hey-Ho Headbands. En unik, designskyddad konstruktion som objektivt sett \u00e4r v\u00e4rldens b\u00e4sta pannband. Om jag f\u00e5r s\u00e4ga det sj\u00e4lv.<\/span><\/p>\t\t\t\t\t\t\t\t<\/div>\n\t\t\t\t<\/div>\n\t\t\t\t\t<\/div>\n\t\t<\/div>\n\t\t\t\t\t<\/div>\n\t\t<\/section>\n\t\t\t\t<section class=\"elementor-section elementor-top-section elementor-element elementor-element-d680465 elementor-section-full_width elementor-section-height-default elementor-section-height-default\" data-id=\"d680465\" data-element_type=\"section\" data-e-type=\"section\" data-settings=\"{&quot;background_background&quot;:&quot;classic&quot;}\">\n\t\t\t\t\t\t<div class=\"elementor-container elementor-column-gap-custom\">\n\t\t\t\t\t<div class=\"elementor-column elementor-col-33 elementor-top-column elementor-element elementor-element-095ff3f\" data-id=\"095ff3f\" data-element_type=\"column\" data-e-type=\"column\">\n\t\t\t<div class=\"elementor-widget-wrap elementor-element-populated\">\n\t\t\t\t\t\t<div class=\"elementor-element elementor-element-baf102d elementor-widget elementor-widget-image\" data-id=\"baf102d\" data-element_type=\"widget\" data-e-type=\"widget\" data-widget_type=\"image.default\">\n\t\t\t\t<div class=\"elementor-widget-container\">\n\t\t\t\t\t\t\t\t\t\t\t\t\t\t\t<img fetchpriority=\"high\" decoding=\"async\" width=\"800\" height=\"666\" src=\"https:\/\/www.geschmack-intl.com\/wp-content\/uploads\/2022\/05\/nks.jpg\" class=\"attachment-large size-large wp-image-2241\" alt=\"\" srcset=\"https:\/\/www.geschmack-intl.com\/wp-content\/uploads\/2022\/05\/nks.jpg 1000w, https:\/\/www.geschmack-intl.com\/wp-content\/uploads\/2022\/05\/nks-300x250.jpg 300w, https:\/\/www.geschmack-intl.com\/wp-content\/uploads\/2022\/05\/nks-150x125.jpg 150w, https:\/\/www.geschmack-intl.com\/wp-content\/uploads\/2022\/05\/nks-768x640.jpg 768w\" sizes=\"(max-width: 800px) 100vw, 800px\" \/>\t\t\t\t\t\t\t\t\t\t\t\t\t\t\t<\/div>\n\t\t\t\t<\/div>\n\t\t\t\t\t<\/div>\n\t\t<\/div>\n\t\t\t\t<div class=\"elementor-column elementor-col-33 elementor-top-column elementor-element elementor-element-3ec91fc\" data-id=\"3ec91fc\" data-element_type=\"column\" data-e-type=\"column\">\n\t\t\t<div class=\"elementor-widget-wrap elementor-element-populated\">\n\t\t\t\t\t\t<div class=\"elementor-element elementor-element-cb45902 elementor-widget elementor-widget-text-editor\" data-id=\"cb45902\" data-element_type=\"widget\" data-e-type=\"widget\" data-widget_type=\"text-editor.default\">\n\t\t\t\t<div class=\"elementor-widget-container\">\n\t\t\t\t\t\t\t\t\t<p>Att knyta \u00e4r kass. Knutar kan &#8211; och kommer att &#8211; g\u00e5 upp n\u00e4r du minst beh\u00f6ver det. H\u00e5ret kan &#8211; och kommer att &#8211; lossna och falla ner i synen n\u00e4r du minst beh\u00f6ver det. Med ett vanligt pannband har du fem minuters pyssel framf\u00f6r dig. Men Hey-Ho lossar du lite snabbt, fixar till det du beh\u00f6ver och drar \u00e5t. Klart!<\/p><p>Utvecklingen har tagit drygt tv\u00e5 \u00e5r av prototyper, produktionslogistik och designn\u00e4ndringar. Men nu \u00e4r det klart och i sommar kommer vi att lansera den f\u00f6rsta hundraprocentiga kollektionen.\u00a0<\/p><p><a href=\"https:\/\/www.heyhoheadbands.com\">Bes\u00f6k hemsidan h\u00e4r.<\/a><\/p>\t\t\t\t\t\t\t\t<\/div>\n\t\t\t\t<\/div>\n\t\t\t\t\t<\/div>\n\t\t<\/div>\n\t\t\t\t<div class=\"elementor-column elementor-col-33 elementor-top-column elementor-element elementor-element-2010c82\" data-id=\"2010c82\" data-element_type=\"column\" data-e-type=\"column\">\n\t\t\t<div class=\"elementor-widget-wrap elementor-element-populated\">\n\t\t\t\t\t\t<div class=\"elementor-element elementor-element-09f04ca elementor-widget elementor-widget-image\" data-id=\"09f04ca\" data-element_type=\"widget\" data-e-type=\"widget\" data-widget_type=\"image.default\">\n\t\t\t\t<div class=\"elementor-widget-container\">\n\t\t\t\t\t\t\t\t\t\t\t\t\t\t\t<img fetchpriority=\"high\" decoding=\"async\" width=\"800\" height=\"666\" src=\"https:\/\/www.geschmack-intl.com\/wp-content\/uploads\/2022\/05\/nks.jpg\" class=\"attachment-large size-large wp-image-2241\" alt=\"\" srcset=\"https:\/\/www.geschmack-intl.com\/wp-content\/uploads\/2022\/05\/nks.jpg 1000w, https:\/\/www.geschmack-intl.com\/wp-content\/uploads\/2022\/05\/nks-300x250.jpg 300w, https:\/\/www.geschmack-intl.com\/wp-content\/uploads\/2022\/05\/nks-150x125.jpg 150w, https:\/\/www.geschmack-intl.com\/wp-content\/uploads\/2022\/05\/nks-768x640.jpg 768w\" sizes=\"(max-width: 800px) 100vw, 800px\" \/>\t\t\t\t\t\t\t\t\t\t\t\t\t\t\t<\/div>\n\t\t\t\t<\/div>\n\t\t\t\t\t<\/div>\n\t\t<\/div>\n\t\t\t\t\t<\/div>\n\t\t<\/section>\n\t\t\t\t<section class=\"elementor-section elementor-top-section elementor-element elementor-element-fde0849 elementor-section-full_width elementor-section-height-default elementor-section-height-default\" data-id=\"fde0849\" data-element_type=\"section\" data-e-type=\"section\">\n\t\t\t\t\t\t<div class=\"elementor-container elementor-column-gap-custom\">\n\t\t\t\t\t<div class=\"elementor-column elementor-col-25 elementor-top-column elementor-element elementor-element-957264b\" data-id=\"957264b\" data-element_type=\"column\" data-e-type=\"column\">\n\t\t\t<div class=\"elementor-widget-wrap elementor-element-populated\">\n\t\t\t\t\t\t<div class=\"elementor-element elementor-element-22f892d elementor-widget elementor-widget-image\" data-id=\"22f892d\" data-element_type=\"widget\" data-e-type=\"widget\" data-widget_type=\"image.default\">\n\t\t\t\t<div class=\"elementor-widget-container\">\n\t\t\t\t\t\t\t\t\t\t\t\t\t\t\t<img decoding=\"async\" width=\"768\" height=\"1024\" src=\"https:\/\/www.geschmack-intl.com\/wp-content\/uploads\/2022\/05\/orange_front-768x1024.jpg\" class=\"attachment-large size-large wp-image-2244\" alt=\"\" srcset=\"https:\/\/www.geschmack-intl.com\/wp-content\/uploads\/2022\/05\/orange_front-768x1024.jpg 768w, https:\/\/www.geschmack-intl.com\/wp-content\/uploads\/2022\/05\/orange_front-225x300.jpg 225w, https:\/\/www.geschmack-intl.com\/wp-content\/uploads\/2022\/05\/orange_front-113x150.jpg 113w, https:\/\/www.geschmack-intl.com\/wp-content\/uploads\/2022\/05\/orange_front.jpg 900w\" sizes=\"(max-width: 768px) 100vw, 768px\" \/>\t\t\t\t\t\t\t\t\t\t\t\t\t\t\t<\/div>\n\t\t\t\t<\/div>\n\t\t\t\t\t<\/div>\n\t\t<\/div>\n\t\t\t\t<div class=\"elementor-column elementor-col-25 elementor-top-column elementor-element elementor-element-7b759a4\" data-id=\"7b759a4\" data-element_type=\"column\" data-e-type=\"column\">\n\t\t\t<div class=\"elementor-widget-wrap elementor-element-populated\">\n\t\t\t\t\t\t<div class=\"elementor-element elementor-element-4964e5c elementor-widget elementor-widget-image\" data-id=\"4964e5c\" data-element_type=\"widget\" data-e-type=\"widget\" data-widget_type=\"image.default\">\n\t\t\t\t<div class=\"elementor-widget-container\">\n\t\t\t\t\t\t\t\t\t\t\t\t\t\t\t<img decoding=\"async\" width=\"768\" height=\"1024\" src=\"https:\/\/www.geschmack-intl.com\/wp-content\/uploads\/2022\/05\/blackblue_back-768x1024.jpg\" class=\"attachment-large size-large wp-image-2242\" alt=\"\" srcset=\"https:\/\/www.geschmack-intl.com\/wp-content\/uploads\/2022\/05\/blackblue_back-768x1024.jpg 768w, https:\/\/www.geschmack-intl.com\/wp-content\/uploads\/2022\/05\/blackblue_back-225x300.jpg 225w, https:\/\/www.geschmack-intl.com\/wp-content\/uploads\/2022\/05\/blackblue_back-113x150.jpg 113w, https:\/\/www.geschmack-intl.com\/wp-content\/uploads\/2022\/05\/blackblue_back.jpg 900w\" sizes=\"(max-width: 768px) 100vw, 768px\" \/>\t\t\t\t\t\t\t\t\t\t\t\t\t\t\t<\/div>\n\t\t\t\t<\/div>\n\t\t\t\t\t<\/div>\n\t\t<\/div>\n\t\t\t\t<div class=\"elementor-column elementor-col-25 elementor-top-column elementor-element elementor-element-2d20955\" data-id=\"2d20955\" data-element_type=\"column\" data-e-type=\"column\">\n\t\t\t<div class=\"elementor-widget-wrap elementor-element-populated\">\n\t\t\t\t\t\t<div class=\"elementor-element elementor-element-b3925f9 elementor-widget elementor-widget-image\" data-id=\"b3925f9\" data-element_type=\"widget\" data-e-type=\"widget\" data-widget_type=\"image.default\">\n\t\t\t\t<div class=\"elementor-widget-container\">\n\t\t\t\t\t\t\t\t\t\t\t\t\t\t\t<img loading=\"lazy\" decoding=\"async\" width=\"768\" height=\"1024\" src=\"https:\/\/www.geschmack-intl.com\/wp-content\/uploads\/2022\/05\/pinkyellow_front-768x1024.jpg\" class=\"attachment-large size-large wp-image-2243\" alt=\"\" srcset=\"https:\/\/www.geschmack-intl.com\/wp-content\/uploads\/2022\/05\/pinkyellow_front-768x1024.jpg 768w, https:\/\/www.geschmack-intl.com\/wp-content\/uploads\/2022\/05\/pinkyellow_front-225x300.jpg 225w, https:\/\/www.geschmack-intl.com\/wp-content\/uploads\/2022\/05\/pinkyellow_front-113x150.jpg 113w, https:\/\/www.geschmack-intl.com\/wp-content\/uploads\/2022\/05\/pinkyellow_front.jpg 900w\" sizes=\"(max-width: 768px) 100vw, 768px\" \/>\t\t\t\t\t\t\t\t\t\t\t\t\t\t\t<\/div>\n\t\t\t\t<\/div>\n\t\t\t\t\t<\/div>\n\t\t<\/div>\n\t\t\t\t<div class=\"elementor-column elementor-col-25 elementor-top-column elementor-element elementor-element-7854947\" data-id=\"7854947\" data-element_type=\"column\" data-e-type=\"column\">\n\t\t\t<div class=\"elementor-widget-wrap elementor-element-populated\">\n\t\t\t\t\t\t<div class=\"elementor-element elementor-element-caf4e6e elementor-widget elementor-widget-image\" data-id=\"caf4e6e\" data-element_type=\"widget\" data-e-type=\"widget\" data-widget_type=\"image.default\">\n\t\t\t\t<div class=\"elementor-widget-container\">\n\t\t\t\t\t\t\t\t\t\t\t\t\t\t\t<img loading=\"lazy\" decoding=\"async\" width=\"768\" height=\"1024\" src=\"https:\/\/www.geschmack-intl.com\/wp-content\/uploads\/2022\/05\/brown_back-768x1024.jpg\" class=\"attachment-large size-large wp-image-2245\" alt=\"\" srcset=\"https:\/\/www.geschmack-intl.com\/wp-content\/uploads\/2022\/05\/brown_back-768x1024.jpg 768w, https:\/\/www.geschmack-intl.com\/wp-content\/uploads\/2022\/05\/brown_back-225x300.jpg 225w, https:\/\/www.geschmack-intl.com\/wp-content\/uploads\/2022\/05\/brown_back-113x150.jpg 113w, https:\/\/www.geschmack-intl.com\/wp-content\/uploads\/2022\/05\/brown_back.jpg 900w\" sizes=\"(max-width: 768px) 100vw, 768px\" \/>\t\t\t\t\t\t\t\t\t\t\t\t\t\t\t<\/div>\n\t\t\t\t<\/div>\n\t\t\t\t\t<\/div>\n\t\t<\/div>\n\t\t\t\t\t<\/div>\n\t\t<\/section>\n\t\t\t\t<\/div>\n\t\t","protected":false},"excerpt":{"rendered":"<p>Kund: Hey-Ho Headbands Jag spelar tennis. Och jag har h\u00e5r som faller mellan mig och bollen lite f\u00f6r ofta. D\u00e4rf\u00f6r spelar jag med pannband.\u00a0 Pannband finns i tv\u00e5 varianter. Elastiska frott\u00e9varianter alternativt pannband som ska knytas i nacken. B\u00e4gge l\u00e4mnar n\u00e5got att \u00f6nska. D\u00e4rf\u00f6r b\u00f6rjade jag fundera p\u00e5 om det fanns en annan m\u00f6jlighet.\u00a0Och det [&hellip;]<\/p>\n","protected":false},"author":1,"featured_media":0,"parent":1541,"menu_order":0,"comment_status":"closed","ping_status":"closed","template":"elementor_header_footer","meta":{"footnotes":""},"class_list":["post-2230","page","type-page","status-publish","hentry"],"_links":{"self":[{"href":"https:\/\/www.geschmack-intl.com\/index.php?rest_route=\/wp\/v2\/pages\/2230","targetHints":{"allow":["GET"]}}],"collection":[{"href":"https:\/\/www.geschmack-intl.com\/index.php?rest_route=\/wp\/v2\/pages"}],"about":[{"href":"https:\/\/www.geschmack-intl.com\/index.php?rest_route=\/wp\/v2\/types\/page"}],"author":[{"embeddable":true,"href":"https:\/\/www.geschmack-intl.com\/index.php?rest_route=\/wp\/v2\/users\/1"}],"replies":[{"embeddable":true,"href":"https:\/\/www.geschmack-intl.com\/index.php?rest_route=%2Fwp%2Fv2%2Fcomments&post=2230"}],"version-history":[{"count":10,"href":"https:\/\/www.geschmack-intl.com\/index.php?rest_route=\/wp\/v2\/pages\/2230\/revisions"}],"predecessor-version":[{"id":2272,"href":"https:\/\/www.geschmack-intl.com\/index.php?rest_route=\/wp\/v2\/pages\/2230\/revisions\/2272"}],"up":[{"embeddable":true,"href":"https:\/\/www.geschmack-intl.com\/index.php?rest_route=\/wp\/v2\/pages\/1541"}],"wp:attachment":[{"href":"https:\/\/www.geschmack-intl.com\/index.php?rest_route=%2Fwp%2Fv2%2Fmedia&parent=2230"}],"curies":[{"name":"wp","href":"https:\/\/api.w.org\/{rel}","templated":true}]}}