{"id":1986,"date":"2022-04-28T22:13:42","date_gmt":"2022-04-28T22:13:42","guid":{"rendered":"https:\/\/www.geschmack-intl.com\/?page_id=1986"},"modified":"2022-04-28T22:25:46","modified_gmt":"2022-04-28T22:25:46","slug":"sits","status":"publish","type":"page","link":"https:\/\/www.geschmack-intl.com\/?page_id=1986","title":{"rendered":"SITS"},"content":{"rendered":"\t\t<div data-elementor-type=\"wp-page\" data-elementor-id=\"1986\" class=\"elementor elementor-1986\">\n\t\t\t\t\t\t<section class=\"elementor-section elementor-top-section elementor-element elementor-element-33c8427c elementor-section-full_width elementor-section-content-top elementor-section-height-default elementor-section-height-default\" data-id=\"33c8427c\" data-element_type=\"section\" data-e-type=\"section\">\n\t\t\t\t\t\t<div class=\"elementor-container elementor-column-gap-no\">\n\t\t\t\t\t<div class=\"elementor-column elementor-col-100 elementor-top-column elementor-element elementor-element-4b8cf5a5\" data-id=\"4b8cf5a5\" data-element_type=\"column\" data-e-type=\"column\">\n\t\t\t<div class=\"elementor-widget-wrap elementor-element-populated\">\n\t\t\t\t\t\t<div class=\"elementor-element elementor-element-5b0fb34 elementor-widget elementor-widget-spacer\" data-id=\"5b0fb34\" data-element_type=\"widget\" data-e-type=\"widget\" data-widget_type=\"spacer.default\">\n\t\t\t\t<div class=\"elementor-widget-container\">\n\t\t\t\t\t\t\t<div class=\"elementor-spacer\">\n\t\t\t<div class=\"elementor-spacer-inner\"><\/div>\n\t\t<\/div>\n\t\t\t\t\t\t<\/div>\n\t\t\t\t<\/div>\n\t\t\t\t<section class=\"elementor-section elementor-inner-section elementor-element elementor-element-b471948 elementor-section-full_width elementor-section-height-default elementor-section-height-default\" data-id=\"b471948\" data-element_type=\"section\" data-e-type=\"section\">\n\t\t\t\t\t\t<div class=\"elementor-container elementor-column-gap-no\">\n\t\t\t\t\t<div class=\"elementor-column elementor-col-50 elementor-inner-column elementor-element elementor-element-2e4d54c\" data-id=\"2e4d54c\" data-element_type=\"column\" data-e-type=\"column\">\n\t\t\t<div class=\"elementor-widget-wrap elementor-element-populated\">\n\t\t\t\t\t\t<div class=\"elementor-element elementor-element-49574da elementor-widget elementor-widget-text-editor\" data-id=\"49574da\" data-element_type=\"widget\" data-e-type=\"widget\" data-widget_type=\"text-editor.default\">\n\t\t\t\t<div class=\"elementor-widget-container\">\n\t\t\t\t\t\t\t\t\t<p>Kund: SITS<br \/>Byr\u00e5: Konovalenko, Malm\u00f6<\/p>\t\t\t\t\t\t\t\t<\/div>\n\t\t\t\t<\/div>\n\t\t\t\t\t<\/div>\n\t\t<\/div>\n\t\t\t\t<div class=\"elementor-column elementor-col-50 elementor-inner-column elementor-element elementor-element-6684840\" data-id=\"6684840\" data-element_type=\"column\" data-e-type=\"column\">\n\t\t\t<div class=\"elementor-widget-wrap\">\n\t\t\t\t\t\t\t<\/div>\n\t\t<\/div>\n\t\t\t\t\t<\/div>\n\t\t<\/section>\n\t\t\t\t<div class=\"elementor-element elementor-element-9825e9b elementor-widget elementor-widget-text-editor\" data-id=\"9825e9b\" data-element_type=\"widget\" data-e-type=\"widget\" data-widget_type=\"text-editor.default\">\n\t\t\t\t<div class=\"elementor-widget-container\">\n\t\t\t\t\t\t\t\t\t<p>SITS \u00e4r ett m\u00f6belf\u00f6retag som har produkter p\u00e5 fler platser \u00e4n man anar. Ut\u00f6ver det egna varum\u00e4rket har man en stor legoproduktion \u00e5t bl. a. IKEA.<\/p>\t\t\t\t\t\t\t\t<\/div>\n\t\t\t\t<\/div>\n\t\t\t\t<section class=\"elementor-section elementor-inner-section elementor-element elementor-element-4416382 elementor-section-boxed elementor-section-height-default elementor-section-height-default\" data-id=\"4416382\" data-element_type=\"section\" data-e-type=\"section\">\n\t\t\t\t\t\t<div class=\"elementor-container elementor-column-gap-default\">\n\t\t\t\t\t<div class=\"elementor-column elementor-col-33 elementor-inner-column elementor-element elementor-element-d5f0ac0\" data-id=\"d5f0ac0\" data-element_type=\"column\" data-e-type=\"column\">\n\t\t\t<div class=\"elementor-widget-wrap elementor-element-populated\">\n\t\t\t\t\t\t<div class=\"elementor-element elementor-element-eae0afc elementor-widget elementor-widget-image\" data-id=\"eae0afc\" data-element_type=\"widget\" data-e-type=\"widget\" data-widget_type=\"image.default\">\n\t\t\t\t<div class=\"elementor-widget-container\">\n\t\t\t\t\t\t\t\t\t\t\t\t<figure class=\"wp-caption\">\n\t\t\t\t\t\t\t\t\t\t\t<a href=\"https:\/\/www.geschmack-intl.com\/wp-content\/uploads\/2022\/04\/SITS_broschyre1-scaled.jpg\" data-elementor-open-lightbox=\"yes\" data-elementor-lightbox-title=\"SITS_broschyre1\" data-e-action-hash=\"#elementor-action%3Aaction%3Dlightbox%26settings%3DeyJpZCI6MTk4MiwidXJsIjoiaHR0cHM6XC9cL3d3dy5nZXNjaG1hY2staW50bC5jb21cL3dwLWNvbnRlbnRcL3VwbG9hZHNcLzIwMjJcLzA0XC9TSVRTX2Jyb3NjaHlyZTEtc2NhbGVkLmpwZyJ9\">\n\t\t\t\t\t\t\t<img fetchpriority=\"high\" decoding=\"async\" width=\"2560\" height=\"1444\" src=\"https:\/\/www.geschmack-intl.com\/wp-content\/uploads\/2022\/04\/SITS_broschyre1-scaled.jpg\" class=\"attachment-full size-full wp-image-1982\" alt=\"\" srcset=\"https:\/\/www.geschmack-intl.com\/wp-content\/uploads\/2022\/04\/SITS_broschyre1-scaled.jpg 2560w, https:\/\/www.geschmack-intl.com\/wp-content\/uploads\/2022\/04\/SITS_broschyre1-300x169.jpg 300w, https:\/\/www.geschmack-intl.com\/wp-content\/uploads\/2022\/04\/SITS_broschyre1-1024x578.jpg 1024w, https:\/\/www.geschmack-intl.com\/wp-content\/uploads\/2022\/04\/SITS_broschyre1-150x85.jpg 150w, https:\/\/www.geschmack-intl.com\/wp-content\/uploads\/2022\/04\/SITS_broschyre1-768x433.jpg 768w, https:\/\/www.geschmack-intl.com\/wp-content\/uploads\/2022\/04\/SITS_broschyre1-1536x866.jpg 1536w, https:\/\/www.geschmack-intl.com\/wp-content\/uploads\/2022\/04\/SITS_broschyre1-2048x1155.jpg 2048w\" sizes=\"(max-width: 2560px) 100vw, 2560px\" \/>\t\t\t\t\t\t\t\t<\/a>\n\t\t\t\t\t\t\t\t\t\t\t<figcaption class=\"widget-image-caption wp-caption-text\">Magasin till konsument<\/figcaption>\n\t\t\t\t\t\t\t\t\t\t<\/figure>\n\t\t\t\t\t\t\t\t\t<\/div>\n\t\t\t\t<\/div>\n\t\t\t\t\t<\/div>\n\t\t<\/div>\n\t\t\t\t<div class=\"elementor-column elementor-col-33 elementor-inner-column elementor-element elementor-element-93ec2c1\" data-id=\"93ec2c1\" data-element_type=\"column\" data-e-type=\"column\">\n\t\t\t<div class=\"elementor-widget-wrap elementor-element-populated\">\n\t\t\t\t\t\t<div class=\"elementor-element elementor-element-1bdbe40 elementor-widget elementor-widget-image\" data-id=\"1bdbe40\" data-element_type=\"widget\" data-e-type=\"widget\" data-widget_type=\"image.default\">\n\t\t\t\t<div class=\"elementor-widget-container\">\n\t\t\t\t\t\t\t\t\t\t\t\t\t\t\t\t<a href=\"https:\/\/www.geschmack-intl.com\/wp-content\/uploads\/2022\/04\/SITS_broschyre3-scaled.jpg\" data-elementor-open-lightbox=\"yes\" data-elementor-lightbox-title=\"SITS_broschyre3\" data-e-action-hash=\"#elementor-action%3Aaction%3Dlightbox%26settings%3DeyJpZCI6MTk4NSwidXJsIjoiaHR0cHM6XC9cL3d3dy5nZXNjaG1hY2staW50bC5jb21cL3dwLWNvbnRlbnRcL3VwbG9hZHNcLzIwMjJcLzA0XC9TSVRTX2Jyb3NjaHlyZTMtc2NhbGVkLmpwZyJ9\">\n\t\t\t\t\t\t\t<img decoding=\"async\" width=\"2560\" height=\"1422\" src=\"https:\/\/www.geschmack-intl.com\/wp-content\/uploads\/2022\/04\/SITS_broschyre3-scaled.jpg\" class=\"attachment-full size-full wp-image-1985\" alt=\"\" srcset=\"https:\/\/www.geschmack-intl.com\/wp-content\/uploads\/2022\/04\/SITS_broschyre3-scaled.jpg 2560w, https:\/\/www.geschmack-intl.com\/wp-content\/uploads\/2022\/04\/SITS_broschyre3-300x167.jpg 300w, https:\/\/www.geschmack-intl.com\/wp-content\/uploads\/2022\/04\/SITS_broschyre3-1024x569.jpg 1024w, https:\/\/www.geschmack-intl.com\/wp-content\/uploads\/2022\/04\/SITS_broschyre3-150x83.jpg 150w, https:\/\/www.geschmack-intl.com\/wp-content\/uploads\/2022\/04\/SITS_broschyre3-768x427.jpg 768w, https:\/\/www.geschmack-intl.com\/wp-content\/uploads\/2022\/04\/SITS_broschyre3-1536x853.jpg 1536w, https:\/\/www.geschmack-intl.com\/wp-content\/uploads\/2022\/04\/SITS_broschyre3-2048x1138.jpg 2048w\" sizes=\"(max-width: 2560px) 100vw, 2560px\" \/>\t\t\t\t\t\t\t\t<\/a>\n\t\t\t\t\t\t\t\t\t\t\t\t\t\t\t<\/div>\n\t\t\t\t<\/div>\n\t\t\t\t\t<\/div>\n\t\t<\/div>\n\t\t\t\t<div class=\"elementor-column elementor-col-33 elementor-inner-column elementor-element elementor-element-4d8083b\" data-id=\"4d8083b\" data-element_type=\"column\" data-e-type=\"column\">\n\t\t\t<div class=\"elementor-widget-wrap elementor-element-populated\">\n\t\t\t\t\t\t<div class=\"elementor-element elementor-element-6d31c5d elementor-widget elementor-widget-image\" data-id=\"6d31c5d\" data-element_type=\"widget\" data-e-type=\"widget\" data-widget_type=\"image.default\">\n\t\t\t\t<div class=\"elementor-widget-container\">\n\t\t\t\t\t\t\t\t\t\t\t\t\t\t\t\t<a href=\"https:\/\/www.geschmack-intl.com\/wp-content\/uploads\/2022\/04\/SITS_broschyre8-scaled.jpg\" data-elementor-open-lightbox=\"yes\" data-elementor-lightbox-title=\"SITS_broschyre8\" data-e-action-hash=\"#elementor-action%3Aaction%3Dlightbox%26settings%3DeyJpZCI6MTk4NCwidXJsIjoiaHR0cHM6XC9cL3d3dy5nZXNjaG1hY2staW50bC5jb21cL3dwLWNvbnRlbnRcL3VwbG9hZHNcLzIwMjJcLzA0XC9TSVRTX2Jyb3NjaHlyZTgtc2NhbGVkLmpwZyJ9\">\n\t\t\t\t\t\t\t<img decoding=\"async\" width=\"2560\" height=\"1422\" src=\"https:\/\/www.geschmack-intl.com\/wp-content\/uploads\/2022\/04\/SITS_broschyre8-scaled.jpg\" class=\"attachment-full size-full wp-image-1984\" alt=\"\" srcset=\"https:\/\/www.geschmack-intl.com\/wp-content\/uploads\/2022\/04\/SITS_broschyre8-scaled.jpg 2560w, https:\/\/www.geschmack-intl.com\/wp-content\/uploads\/2022\/04\/SITS_broschyre8-300x167.jpg 300w, https:\/\/www.geschmack-intl.com\/wp-content\/uploads\/2022\/04\/SITS_broschyre8-1024x569.jpg 1024w, https:\/\/www.geschmack-intl.com\/wp-content\/uploads\/2022\/04\/SITS_broschyre8-150x83.jpg 150w, https:\/\/www.geschmack-intl.com\/wp-content\/uploads\/2022\/04\/SITS_broschyre8-768x427.jpg 768w, https:\/\/www.geschmack-intl.com\/wp-content\/uploads\/2022\/04\/SITS_broschyre8-1536x853.jpg 1536w, https:\/\/www.geschmack-intl.com\/wp-content\/uploads\/2022\/04\/SITS_broschyre8-2048x1138.jpg 2048w\" sizes=\"(max-width: 2560px) 100vw, 2560px\" \/>\t\t\t\t\t\t\t\t<\/a>\n\t\t\t\t\t\t\t\t\t\t\t\t\t\t\t<\/div>\n\t\t\t\t<\/div>\n\t\t\t\t\t<\/div>\n\t\t<\/div>\n\t\t\t\t\t<\/div>\n\t\t<\/section>\n\t\t\t\t<section class=\"elementor-section elementor-inner-section elementor-element elementor-element-7328c3d elementor-section-boxed elementor-section-height-default elementor-section-height-default\" data-id=\"7328c3d\" data-element_type=\"section\" data-e-type=\"section\">\n\t\t\t\t\t\t<div class=\"elementor-container elementor-column-gap-default\">\n\t\t\t\t\t<div class=\"elementor-column elementor-col-33 elementor-inner-column elementor-element elementor-element-04d811e\" data-id=\"04d811e\" data-element_type=\"column\" data-e-type=\"column\">\n\t\t\t<div class=\"elementor-widget-wrap elementor-element-populated\">\n\t\t\t\t\t\t<div class=\"elementor-element elementor-element-8747e27 elementor-widget elementor-widget-image\" data-id=\"8747e27\" data-element_type=\"widget\" data-e-type=\"widget\" data-widget_type=\"image.default\">\n\t\t\t\t<div class=\"elementor-widget-container\">\n\t\t\t\t\t\t\t\t\t\t\t\t<figure class=\"wp-caption\">\n\t\t\t\t\t\t\t\t\t\t\t<a href=\"https:\/\/www.geschmack-intl.com\/wp-content\/uploads\/2022\/04\/Sits_Collection2020_210x297mm_insert_low-dragen.pdf\" target=\"_blank\">\n\t\t\t\t\t\t\t<img loading=\"lazy\" decoding=\"async\" width=\"1000\" height=\"707\" src=\"https:\/\/www.geschmack-intl.com\/wp-content\/uploads\/2022\/04\/Sits_Collection2020_210x297mm_insert_low-dragen.jpg\" class=\"attachment-full size-full wp-image-1978\" alt=\"\" srcset=\"https:\/\/www.geschmack-intl.com\/wp-content\/uploads\/2022\/04\/Sits_Collection2020_210x297mm_insert_low-dragen.jpg 1000w, https:\/\/www.geschmack-intl.com\/wp-content\/uploads\/2022\/04\/Sits_Collection2020_210x297mm_insert_low-dragen-300x212.jpg 300w, https:\/\/www.geschmack-intl.com\/wp-content\/uploads\/2022\/04\/Sits_Collection2020_210x297mm_insert_low-dragen-150x106.jpg 150w, https:\/\/www.geschmack-intl.com\/wp-content\/uploads\/2022\/04\/Sits_Collection2020_210x297mm_insert_low-dragen-768x543.jpg 768w\" sizes=\"(max-width: 1000px) 100vw, 1000px\" \/>\t\t\t\t\t\t\t\t<\/a>\n\t\t\t\t\t\t\t\t\t\t\t<figcaption class=\"widget-image-caption wp-caption-text\">Klicka f\u00f6r att l\u00e4sa (nytt f\u00f6nster)<\/figcaption>\n\t\t\t\t\t\t\t\t\t\t<\/figure>\n\t\t\t\t\t\t\t\t\t<\/div>\n\t\t\t\t<\/div>\n\t\t\t\t\t<\/div>\n\t\t<\/div>\n\t\t\t\t<div class=\"elementor-column elementor-col-33 elementor-inner-column elementor-element elementor-element-cb7edf0\" data-id=\"cb7edf0\" data-element_type=\"column\" data-e-type=\"column\">\n\t\t\t<div class=\"elementor-widget-wrap elementor-element-populated\">\n\t\t\t\t\t\t<div class=\"elementor-element elementor-element-8cb636c elementor-widget elementor-widget-image\" data-id=\"8cb636c\" data-element_type=\"widget\" data-e-type=\"widget\" data-widget_type=\"image.default\">\n\t\t\t\t<div class=\"elementor-widget-container\">\n\t\t\t\t\t\t\t\t\t\t\t\t\t\t\t\t<a href=\"https:\/\/www.geschmack-intl.com\/wp-content\/uploads\/2022\/04\/Sits_Collection2020_210x297mm_insert_low-dragen-4.pdf\" target=\"_blank\">\n\t\t\t\t\t\t\t<img loading=\"lazy\" decoding=\"async\" width=\"1000\" height=\"707\" src=\"https:\/\/www.geschmack-intl.com\/wp-content\/uploads\/2022\/04\/Sits_Collection2020_210x297mm_insert_low-dragen-4.jpg\" class=\"attachment-full size-full wp-image-1977\" alt=\"\" srcset=\"https:\/\/www.geschmack-intl.com\/wp-content\/uploads\/2022\/04\/Sits_Collection2020_210x297mm_insert_low-dragen-4.jpg 1000w, https:\/\/www.geschmack-intl.com\/wp-content\/uploads\/2022\/04\/Sits_Collection2020_210x297mm_insert_low-dragen-4-300x212.jpg 300w, https:\/\/www.geschmack-intl.com\/wp-content\/uploads\/2022\/04\/Sits_Collection2020_210x297mm_insert_low-dragen-4-150x106.jpg 150w, https:\/\/www.geschmack-intl.com\/wp-content\/uploads\/2022\/04\/Sits_Collection2020_210x297mm_insert_low-dragen-4-768x543.jpg 768w\" sizes=\"(max-width: 1000px) 100vw, 1000px\" \/>\t\t\t\t\t\t\t\t<\/a>\n\t\t\t\t\t\t\t\t\t\t\t\t\t\t\t<\/div>\n\t\t\t\t<\/div>\n\t\t\t\t\t<\/div>\n\t\t<\/div>\n\t\t\t\t<div class=\"elementor-column elementor-col-33 elementor-inner-column elementor-element elementor-element-38a0bfd\" data-id=\"38a0bfd\" data-element_type=\"column\" data-e-type=\"column\">\n\t\t\t<div class=\"elementor-widget-wrap elementor-element-populated\">\n\t\t\t\t\t\t<div class=\"elementor-element elementor-element-20f96c7 elementor-widget elementor-widget-image\" data-id=\"20f96c7\" data-element_type=\"widget\" data-e-type=\"widget\" data-widget_type=\"image.default\">\n\t\t\t\t<div class=\"elementor-widget-container\">\n\t\t\t\t\t\t\t\t\t\t\t\t\t\t\t\t<a href=\"https:\/\/www.geschmack-intl.com\/wp-content\/uploads\/2022\/04\/Sits_Collection2020_210x297mm_insert_low-dragen-3.pdf\" target=\"_blank\">\n\t\t\t\t\t\t\t<img loading=\"lazy\" decoding=\"async\" width=\"1000\" height=\"707\" src=\"https:\/\/www.geschmack-intl.com\/wp-content\/uploads\/2022\/04\/Sits_Collection2020_210x297mm_insert_low-dragen-3.jpg\" class=\"attachment-full size-full wp-image-1976\" alt=\"\" srcset=\"https:\/\/www.geschmack-intl.com\/wp-content\/uploads\/2022\/04\/Sits_Collection2020_210x297mm_insert_low-dragen-3.jpg 1000w, https:\/\/www.geschmack-intl.com\/wp-content\/uploads\/2022\/04\/Sits_Collection2020_210x297mm_insert_low-dragen-3-300x212.jpg 300w, https:\/\/www.geschmack-intl.com\/wp-content\/uploads\/2022\/04\/Sits_Collection2020_210x297mm_insert_low-dragen-3-150x106.jpg 150w, https:\/\/www.geschmack-intl.com\/wp-content\/uploads\/2022\/04\/Sits_Collection2020_210x297mm_insert_low-dragen-3-768x543.jpg 768w\" sizes=\"(max-width: 1000px) 100vw, 1000px\" \/>\t\t\t\t\t\t\t\t<\/a>\n\t\t\t\t\t\t\t\t\t\t\t\t\t\t\t<\/div>\n\t\t\t\t<\/div>\n\t\t\t\t\t<\/div>\n\t\t<\/div>\n\t\t\t\t\t<\/div>\n\t\t<\/section>\n\t\t\t\t\t<\/div>\n\t\t<\/div>\n\t\t\t\t\t<\/div>\n\t\t<\/section>\n\t\t\t\t<\/div>\n\t\t","protected":false},"excerpt":{"rendered":"<p>Kund: SITSByr\u00e5: Konovalenko, Malm\u00f6 SITS \u00e4r ett m\u00f6belf\u00f6retag som har produkter p\u00e5 fler platser \u00e4n man anar. Ut\u00f6ver det egna varum\u00e4rket har man en stor legoproduktion \u00e5t bl. a. IKEA. Magasin till konsument Klicka f\u00f6r att l\u00e4sa (nytt f\u00f6nster)<\/p>\n","protected":false},"author":1,"featured_media":0,"parent":1541,"menu_order":0,"comment_status":"closed","ping_status":"closed","template":"elementor_header_footer","meta":{"footnotes":""},"class_list":["post-1986","page","type-page","status-publish","hentry"],"_links":{"self":[{"href":"https:\/\/www.geschmack-intl.com\/index.php?rest_route=\/wp\/v2\/pages\/1986","targetHints":{"allow":["GET"]}}],"collection":[{"href":"https:\/\/www.geschmack-intl.com\/index.php?rest_route=\/wp\/v2\/pages"}],"about":[{"href":"https:\/\/www.geschmack-intl.com\/index.php?rest_route=\/wp\/v2\/types\/page"}],"author":[{"embeddable":true,"href":"https:\/\/www.geschmack-intl.com\/index.php?rest_route=\/wp\/v2\/users\/1"}],"replies":[{"embeddable":true,"href":"https:\/\/www.geschmack-intl.com\/index.php?rest_route=%2Fwp%2Fv2%2Fcomments&post=1986"}],"version-history":[{"count":10,"href":"https:\/\/www.geschmack-intl.com\/index.php?rest_route=\/wp\/v2\/pages\/1986\/revisions"}],"predecessor-version":[{"id":2000,"href":"https:\/\/www.geschmack-intl.com\/index.php?rest_route=\/wp\/v2\/pages\/1986\/revisions\/2000"}],"up":[{"embeddable":true,"href":"https:\/\/www.geschmack-intl.com\/index.php?rest_route=\/wp\/v2\/pages\/1541"}],"wp:attachment":[{"href":"https:\/\/www.geschmack-intl.com\/index.php?rest_route=%2Fwp%2Fv2%2Fmedia&parent=1986"}],"curies":[{"name":"wp","href":"https:\/\/api.w.org\/{rel}","templated":true}]}}