{"id":1903,"date":"2022-04-28T14:56:28","date_gmt":"2022-04-28T14:56:28","guid":{"rendered":"https:\/\/www.geschmack-intl.com\/?page_id=1903"},"modified":"2022-04-28T15:04:03","modified_gmt":"2022-04-28T15:04:03","slug":"ikea","status":"publish","type":"page","link":"https:\/\/www.geschmack-intl.com\/?page_id=1903","title":{"rendered":"IKEA"},"content":{"rendered":"\t\t<div data-elementor-type=\"wp-page\" data-elementor-id=\"1903\" class=\"elementor elementor-1903\">\n\t\t\t\t\t\t<section class=\"elementor-section elementor-top-section elementor-element elementor-element-33c8427c elementor-section-full_width elementor-section-content-top elementor-section-height-default elementor-section-height-default\" data-id=\"33c8427c\" data-element_type=\"section\" data-e-type=\"section\">\n\t\t\t\t\t\t<div class=\"elementor-container elementor-column-gap-no\">\n\t\t\t\t\t<div class=\"elementor-column elementor-col-100 elementor-top-column elementor-element elementor-element-4b8cf5a5\" data-id=\"4b8cf5a5\" data-element_type=\"column\" data-e-type=\"column\">\n\t\t\t<div class=\"elementor-widget-wrap elementor-element-populated\">\n\t\t\t\t\t\t<div class=\"elementor-element elementor-element-5b0fb34 elementor-widget elementor-widget-spacer\" data-id=\"5b0fb34\" data-element_type=\"widget\" data-e-type=\"widget\" data-widget_type=\"spacer.default\">\n\t\t\t\t<div class=\"elementor-widget-container\">\n\t\t\t\t\t\t\t<div class=\"elementor-spacer\">\n\t\t\t<div class=\"elementor-spacer-inner\"><\/div>\n\t\t<\/div>\n\t\t\t\t\t\t<\/div>\n\t\t\t\t<\/div>\n\t\t\t\t<section class=\"elementor-section elementor-inner-section elementor-element elementor-element-b471948 elementor-section-full_width elementor-section-height-default elementor-section-height-default\" data-id=\"b471948\" data-element_type=\"section\" data-e-type=\"section\">\n\t\t\t\t\t\t<div class=\"elementor-container elementor-column-gap-no\">\n\t\t\t\t\t<div class=\"elementor-column elementor-col-50 elementor-inner-column elementor-element elementor-element-2e4d54c\" data-id=\"2e4d54c\" data-element_type=\"column\" data-e-type=\"column\">\n\t\t\t<div class=\"elementor-widget-wrap elementor-element-populated\">\n\t\t\t\t\t\t<div class=\"elementor-element elementor-element-49574da elementor-widget elementor-widget-text-editor\" data-id=\"49574da\" data-element_type=\"widget\" data-e-type=\"widget\" data-widget_type=\"text-editor.default\">\n\t\t\t\t<div class=\"elementor-widget-container\">\n\t\t\t\t\t\t\t\t\t<p>Kund: IKEA<\/p>\t\t\t\t\t\t\t\t<\/div>\n\t\t\t\t<\/div>\n\t\t\t\t\t<\/div>\n\t\t<\/div>\n\t\t\t\t<div class=\"elementor-column elementor-col-50 elementor-inner-column elementor-element elementor-element-6684840\" data-id=\"6684840\" data-element_type=\"column\" data-e-type=\"column\">\n\t\t\t<div class=\"elementor-widget-wrap\">\n\t\t\t\t\t\t\t<\/div>\n\t\t<\/div>\n\t\t\t\t\t<\/div>\n\t\t<\/section>\n\t\t\t\t<div class=\"elementor-element elementor-element-9825e9b elementor-widget elementor-widget-text-editor\" data-id=\"9825e9b\" data-element_type=\"widget\" data-e-type=\"widget\" data-widget_type=\"text-editor.default\">\n\t\t\t\t<div class=\"elementor-widget-container\">\n\t\t\t\t\t\t\t\t\t<p>Internationella kvinnodagen 2017. IKEA vill visa upp sitt engagemang f\u00f6r j\u00e4mst\u00e4lldhet och lika r\u00e4ttigheter.<\/p><p>Men: F\u00f6r att f\u00e5 ut materialet i l\u00e4nder v\u00e4rlden \u00f6ver beh\u00f6ver de lokala marknaderna ett incitament att investera i kampanjen.\u00a0<\/p><p>V\u00e5r l\u00f6sning: Att integrera IKEA:s produkter i kampanjen och l\u00e5ta dem illustrera budskapet.<\/p>\t\t\t\t\t\t\t\t<\/div>\n\t\t\t\t<\/div>\n\t\t\t\t<div class=\"elementor-element elementor-element-eae0afc elementor-widget elementor-widget-image\" data-id=\"eae0afc\" data-element_type=\"widget\" data-e-type=\"widget\" data-widget_type=\"image.default\">\n\t\t\t\t<div class=\"elementor-widget-container\">\n\t\t\t\t\t\t\t\t\t\t\t\t\t\t\t<img fetchpriority=\"high\" decoding=\"async\" width=\"1500\" height=\"2000\" src=\"https:\/\/www.geschmack-intl.com\/wp-content\/uploads\/2017\/05\/montage.png\" class=\"attachment-full size-full wp-image-1141\" alt=\"\" srcset=\"https:\/\/www.geschmack-intl.com\/wp-content\/uploads\/2017\/05\/montage.png 1500w, https:\/\/www.geschmack-intl.com\/wp-content\/uploads\/2017\/05\/montage-113x150.png 113w, https:\/\/www.geschmack-intl.com\/wp-content\/uploads\/2017\/05\/montage-225x300.png 225w, https:\/\/www.geschmack-intl.com\/wp-content\/uploads\/2017\/05\/montage-768x1024.png 768w\" sizes=\"(max-width: 1500px) 100vw, 1500px\" \/>\t\t\t\t\t\t\t\t\t\t\t\t\t\t\t<\/div>\n\t\t\t\t<\/div>\n\t\t\t\t\t<\/div>\n\t\t<\/div>\n\t\t\t\t\t<\/div>\n\t\t<\/section>\n\t\t\t\t<\/div>\n\t\t","protected":false},"excerpt":{"rendered":"<p>Kund: IKEA Internationella kvinnodagen 2017. IKEA vill visa upp sitt engagemang f\u00f6r j\u00e4mst\u00e4lldhet och lika r\u00e4ttigheter. Men: F\u00f6r att f\u00e5 ut materialet i l\u00e4nder v\u00e4rlden \u00f6ver beh\u00f6ver de lokala marknaderna ett incitament att investera i kampanjen.\u00a0 V\u00e5r l\u00f6sning: Att integrera IKEA:s produkter i kampanjen och l\u00e5ta dem illustrera budskapet.<\/p>\n","protected":false},"author":1,"featured_media":0,"parent":1541,"menu_order":0,"comment_status":"closed","ping_status":"closed","template":"elementor_header_footer","meta":{"footnotes":""},"class_list":["post-1903","page","type-page","status-publish","hentry"],"_links":{"self":[{"href":"https:\/\/www.geschmack-intl.com\/index.php?rest_route=\/wp\/v2\/pages\/1903","targetHints":{"allow":["GET"]}}],"collection":[{"href":"https:\/\/www.geschmack-intl.com\/index.php?rest_route=\/wp\/v2\/pages"}],"about":[{"href":"https:\/\/www.geschmack-intl.com\/index.php?rest_route=\/wp\/v2\/types\/page"}],"author":[{"embeddable":true,"href":"https:\/\/www.geschmack-intl.com\/index.php?rest_route=\/wp\/v2\/users\/1"}],"replies":[{"embeddable":true,"href":"https:\/\/www.geschmack-intl.com\/index.php?rest_route=%2Fwp%2Fv2%2Fcomments&post=1903"}],"version-history":[{"count":7,"href":"https:\/\/www.geschmack-intl.com\/index.php?rest_route=\/wp\/v2\/pages\/1903\/revisions"}],"predecessor-version":[{"id":1910,"href":"https:\/\/www.geschmack-intl.com\/index.php?rest_route=\/wp\/v2\/pages\/1903\/revisions\/1910"}],"up":[{"embeddable":true,"href":"https:\/\/www.geschmack-intl.com\/index.php?rest_route=\/wp\/v2\/pages\/1541"}],"wp:attachment":[{"href":"https:\/\/www.geschmack-intl.com\/index.php?rest_route=%2Fwp%2Fv2%2Fmedia&parent=1903"}],"curies":[{"name":"wp","href":"https:\/\/api.w.org\/{rel}","templated":true}]}}