{"id":1825,"date":"2022-04-27T22:30:35","date_gmt":"2022-04-27T22:30:35","guid":{"rendered":"https:\/\/www.geschmack-intl.com\/?page_id=1825"},"modified":"2024-10-22T08:45:29","modified_gmt":"2024-10-22T08:45:29","slug":"nellie-dellies","status":"publish","type":"page","link":"https:\/\/www.geschmack-intl.com\/?page_id=1825","title":{"rendered":"Nellie Dellies"},"content":{"rendered":"\t\t<div data-elementor-type=\"wp-page\" data-elementor-id=\"1825\" class=\"elementor elementor-1825\">\n\t\t\t\t\t\t<section class=\"elementor-section elementor-top-section elementor-element elementor-element-33c8427c elementor-section-full_width elementor-section-content-top elementor-section-height-default elementor-section-height-default\" data-id=\"33c8427c\" data-element_type=\"section\" data-e-type=\"section\">\n\t\t\t\t\t\t<div class=\"elementor-container elementor-column-gap-no\">\n\t\t\t\t\t<div class=\"elementor-column elementor-col-100 elementor-top-column elementor-element elementor-element-4b8cf5a5\" data-id=\"4b8cf5a5\" data-element_type=\"column\" data-e-type=\"column\">\n\t\t\t<div class=\"elementor-widget-wrap elementor-element-populated\">\n\t\t\t\t\t\t<div class=\"elementor-element elementor-element-5b0fb34 elementor-widget elementor-widget-spacer\" data-id=\"5b0fb34\" data-element_type=\"widget\" data-e-type=\"widget\" data-widget_type=\"spacer.default\">\n\t\t\t\t<div class=\"elementor-widget-container\">\n\t\t\t\t\t\t\t<div class=\"elementor-spacer\">\n\t\t\t<div class=\"elementor-spacer-inner\"><\/div>\n\t\t<\/div>\n\t\t\t\t\t\t<\/div>\n\t\t\t\t<\/div>\n\t\t\t\t<section class=\"elementor-section elementor-inner-section elementor-element elementor-element-b471948 elementor-section-full_width elementor-section-height-default elementor-section-height-default\" data-id=\"b471948\" data-element_type=\"section\" data-e-type=\"section\">\n\t\t\t\t\t\t<div class=\"elementor-container elementor-column-gap-no\">\n\t\t\t\t\t<div class=\"elementor-column elementor-col-50 elementor-inner-column elementor-element elementor-element-2e4d54c\" data-id=\"2e4d54c\" data-element_type=\"column\" data-e-type=\"column\">\n\t\t\t<div class=\"elementor-widget-wrap elementor-element-populated\">\n\t\t\t\t\t\t<div class=\"elementor-element elementor-element-49574da elementor-widget elementor-widget-text-editor\" data-id=\"49574da\" data-element_type=\"widget\" data-e-type=\"widget\" data-widget_type=\"text-editor.default\">\n\t\t\t\t<div class=\"elementor-widget-container\">\n\t\t\t\t\t\t\t\t\t<p>Kund: Toms<br \/>Byr\u00e5: Bates, K\u00f6penhamn<\/p>\t\t\t\t\t\t\t\t<\/div>\n\t\t\t\t<\/div>\n\t\t\t\t\t<\/div>\n\t\t<\/div>\n\t\t\t\t<div class=\"elementor-column elementor-col-50 elementor-inner-column elementor-element elementor-element-6684840\" data-id=\"6684840\" data-element_type=\"column\" data-e-type=\"column\">\n\t\t\t<div class=\"elementor-widget-wrap\">\n\t\t\t\t\t\t\t<\/div>\n\t\t<\/div>\n\t\t\t\t\t<\/div>\n\t\t<\/section>\n\t\t\t\t<div class=\"elementor-element elementor-element-9825e9b elementor-widget elementor-widget-text-editor\" data-id=\"9825e9b\" data-element_type=\"widget\" data-e-type=\"widget\" data-widget_type=\"text-editor.default\">\n\t\t\t\t<div class=\"elementor-widget-container\">\n\t\t\t\t\t\t\t\t\t<p>Nellie Dellies \u00e4r det st\u00f6rsta varum\u00e4rket inom sockerfritt godis i Sverige. Produkten togs fram av Bates i K\u00f6penhamn p\u00e5 en \u00f6ppen brief fr\u00e5n Toms: &#8220;Hitta p\u00e5 n\u00e5got sockerfritt&#8221;, om jag inte minns helt fel och l\u00f6sningen inkluderade allt fr\u00e5n namn, till f\u00f6rpackning och lanseringskampanj. Ett kul projekt som blev extremt framg\u00e5ngsrikt.<\/p>\t\t\t\t\t\t\t\t<\/div>\n\t\t\t\t<\/div>\n\t\t\t\t<div class=\"elementor-element elementor-element-eae0afc elementor-widget elementor-widget-image\" data-id=\"eae0afc\" data-element_type=\"widget\" data-e-type=\"widget\" data-widget_type=\"image.default\">\n\t\t\t\t<div class=\"elementor-widget-container\">\n\t\t\t\t\t\t\t\t\t\t\t\t\t\t\t<img fetchpriority=\"high\" decoding=\"async\" width=\"1200\" height=\"740\" src=\"https:\/\/www.geschmack-intl.com\/wp-content\/uploads\/2012\/03\/nellie_range.jpg\" class=\"attachment-full size-full wp-image-1018\" alt=\"\" srcset=\"https:\/\/www.geschmack-intl.com\/wp-content\/uploads\/2012\/03\/nellie_range.jpg 1200w, https:\/\/www.geschmack-intl.com\/wp-content\/uploads\/2012\/03\/nellie_range-150x93.jpg 150w, https:\/\/www.geschmack-intl.com\/wp-content\/uploads\/2012\/03\/nellie_range-300x185.jpg 300w, https:\/\/www.geschmack-intl.com\/wp-content\/uploads\/2012\/03\/nellie_range-768x474.jpg 768w, https:\/\/www.geschmack-intl.com\/wp-content\/uploads\/2012\/03\/nellie_range-1024x631.jpg 1024w\" sizes=\"(max-width: 1200px) 100vw, 1200px\" \/>\t\t\t\t\t\t\t\t\t\t\t\t\t\t\t<\/div>\n\t\t\t\t<\/div>\n\t\t\t\t\t<\/div>\n\t\t<\/div>\n\t\t\t\t\t<\/div>\n\t\t<\/section>\n\t\t\t\t<\/div>\n\t\t","protected":false},"excerpt":{"rendered":"<p>Kund: TomsByr\u00e5: Bates, K\u00f6penhamn Nellie Dellies \u00e4r det st\u00f6rsta varum\u00e4rket inom sockerfritt godis i Sverige. Produkten togs fram av Bates i K\u00f6penhamn p\u00e5 en \u00f6ppen brief fr\u00e5n Toms: &#8220;Hitta p\u00e5 n\u00e5got sockerfritt&#8221;, om jag inte minns helt fel och l\u00f6sningen inkluderade allt fr\u00e5n namn, till f\u00f6rpackning och lanseringskampanj. Ett kul projekt som blev extremt framg\u00e5ngsrikt.<\/p>\n","protected":false},"author":1,"featured_media":0,"parent":1541,"menu_order":0,"comment_status":"closed","ping_status":"closed","template":"elementor_header_footer","meta":{"footnotes":""},"class_list":["post-1825","page","type-page","status-publish","hentry"],"_links":{"self":[{"href":"https:\/\/www.geschmack-intl.com\/index.php?rest_route=\/wp\/v2\/pages\/1825","targetHints":{"allow":["GET"]}}],"collection":[{"href":"https:\/\/www.geschmack-intl.com\/index.php?rest_route=\/wp\/v2\/pages"}],"about":[{"href":"https:\/\/www.geschmack-intl.com\/index.php?rest_route=\/wp\/v2\/types\/page"}],"author":[{"embeddable":true,"href":"https:\/\/www.geschmack-intl.com\/index.php?rest_route=\/wp\/v2\/users\/1"}],"replies":[{"embeddable":true,"href":"https:\/\/www.geschmack-intl.com\/index.php?rest_route=%2Fwp%2Fv2%2Fcomments&post=1825"}],"version-history":[{"count":10,"href":"https:\/\/www.geschmack-intl.com\/index.php?rest_route=\/wp\/v2\/pages\/1825\/revisions"}],"predecessor-version":[{"id":2529,"href":"https:\/\/www.geschmack-intl.com\/index.php?rest_route=\/wp\/v2\/pages\/1825\/revisions\/2529"}],"up":[{"embeddable":true,"href":"https:\/\/www.geschmack-intl.com\/index.php?rest_route=\/wp\/v2\/pages\/1541"}],"wp:attachment":[{"href":"https:\/\/www.geschmack-intl.com\/index.php?rest_route=%2Fwp%2Fv2%2Fmedia&parent=1825"}],"curies":[{"name":"wp","href":"https:\/\/api.w.org\/{rel}","templated":true}]}}