{"id":1537,"date":"2022-04-27T15:59:10","date_gmt":"2022-04-27T15:59:10","guid":{"rendered":"https:\/\/www.geschmack-intl.com\/?page_id=1537"},"modified":"2023-11-06T16:58:44","modified_gmt":"2023-11-06T16:58:44","slug":"oresundsbron","status":"publish","type":"page","link":"https:\/\/www.geschmack-intl.com\/?page_id=1537","title":{"rendered":"\u00d6resundsbron"},"content":{"rendered":"\t\t<div data-elementor-type=\"wp-page\" data-elementor-id=\"1537\" class=\"elementor elementor-1537\">\n\t\t\t\t\t\t<section class=\"elementor-section elementor-top-section elementor-element elementor-element-33c8427c elementor-section-full_width elementor-section-content-top elementor-section-height-default elementor-section-height-default\" data-id=\"33c8427c\" data-element_type=\"section\" data-e-type=\"section\">\n\t\t\t\t\t\t<div class=\"elementor-container elementor-column-gap-no\">\n\t\t\t\t\t<div class=\"elementor-column elementor-col-100 elementor-top-column elementor-element elementor-element-4b8cf5a5\" data-id=\"4b8cf5a5\" data-element_type=\"column\" data-e-type=\"column\">\n\t\t\t<div class=\"elementor-widget-wrap elementor-element-populated\">\n\t\t\t\t\t\t<div class=\"elementor-element elementor-element-5b0fb34 elementor-widget elementor-widget-spacer\" data-id=\"5b0fb34\" data-element_type=\"widget\" data-e-type=\"widget\" data-widget_type=\"spacer.default\">\n\t\t\t\t<div class=\"elementor-widget-container\">\n\t\t\t\t\t\t\t<div class=\"elementor-spacer\">\n\t\t\t<div class=\"elementor-spacer-inner\"><\/div>\n\t\t<\/div>\n\t\t\t\t\t\t<\/div>\n\t\t\t\t<\/div>\n\t\t\t\t<section class=\"elementor-section elementor-inner-section elementor-element elementor-element-b471948 elementor-section-full_width elementor-section-content-top elementor-section-height-default elementor-section-height-default\" data-id=\"b471948\" data-element_type=\"section\" data-e-type=\"section\">\n\t\t\t\t\t\t<div class=\"elementor-container elementor-column-gap-no\">\n\t\t\t\t\t<div class=\"elementor-column elementor-col-50 elementor-inner-column elementor-element elementor-element-2e4d54c\" data-id=\"2e4d54c\" data-element_type=\"column\" data-e-type=\"column\">\n\t\t\t<div class=\"elementor-widget-wrap elementor-element-populated\">\n\t\t\t\t\t\t<div class=\"elementor-element elementor-element-49574da elementor-widget elementor-widget-text-editor\" data-id=\"49574da\" data-element_type=\"widget\" data-e-type=\"widget\" data-widget_type=\"text-editor.default\">\n\t\t\t\t<div class=\"elementor-widget-container\">\n\t\t\t\t\t\t\t\t\t<p>Kund: \u00d8resundsbron (pitch)<br \/>Freelance f\u00f6r: Advance, K\u00f6penhamn<\/p>\t\t\t\t\t\t\t\t<\/div>\n\t\t\t\t<\/div>\n\t\t\t\t\t<\/div>\n\t\t<\/div>\n\t\t\t\t<div class=\"elementor-column elementor-col-50 elementor-inner-column elementor-element elementor-element-6684840\" data-id=\"6684840\" data-element_type=\"column\" data-e-type=\"column\">\n\t\t\t<div class=\"elementor-widget-wrap\">\n\t\t\t\t\t\t\t<\/div>\n\t\t<\/div>\n\t\t\t\t\t<\/div>\n\t\t<\/section>\n\t\t\t\t<div class=\"elementor-element elementor-element-eae0afc elementor-widget elementor-widget-image\" data-id=\"eae0afc\" data-element_type=\"widget\" data-e-type=\"widget\" data-widget_type=\"image.default\">\n\t\t\t\t<div class=\"elementor-widget-container\">\n\t\t\t\t\t\t\t\t\t\t\t\t\t\t\t<img fetchpriority=\"high\" decoding=\"async\" width=\"2560\" height=\"1224\" src=\"https:\/\/www.geschmack-intl.com\/wp-content\/uploads\/2022\/04\/brokoncept-scaled.jpg\" class=\"attachment-full size-full wp-image-1526\" alt=\"\" srcset=\"https:\/\/www.geschmack-intl.com\/wp-content\/uploads\/2022\/04\/brokoncept-scaled.jpg 2560w, https:\/\/www.geschmack-intl.com\/wp-content\/uploads\/2022\/04\/brokoncept-300x143.jpg 300w, https:\/\/www.geschmack-intl.com\/wp-content\/uploads\/2022\/04\/brokoncept-1024x490.jpg 1024w, https:\/\/www.geschmack-intl.com\/wp-content\/uploads\/2022\/04\/brokoncept-150x72.jpg 150w, https:\/\/www.geschmack-intl.com\/wp-content\/uploads\/2022\/04\/brokoncept-768x367.jpg 768w, https:\/\/www.geschmack-intl.com\/wp-content\/uploads\/2022\/04\/brokoncept-1536x734.jpg 1536w, https:\/\/www.geschmack-intl.com\/wp-content\/uploads\/2022\/04\/brokoncept-2048x979.jpg 2048w, https:\/\/www.geschmack-intl.com\/wp-content\/uploads\/2022\/04\/brokoncept-640x306.jpg 640w\" sizes=\"(max-width: 2560px) 100vw, 2560px\" \/>\t\t\t\t\t\t\t\t\t\t\t\t\t\t\t<\/div>\n\t\t\t\t<\/div>\n\t\t\t\t<div class=\"elementor-element elementor-element-9825e9b elementor-widget elementor-widget-text-editor\" data-id=\"9825e9b\" data-element_type=\"widget\" data-e-type=\"widget\" data-widget_type=\"text-editor.default\">\n\t\t\t\t<div class=\"elementor-widget-container\">\n\t\t\t\t\t\t\t\t\t<p><\/p>\n<p>\u00d8resundsbron \u00e4r mer \u00e4n bara en bit asfalterad betong mellan Sverige och Danmark. Den kan ocks\u00e5 vara en brygga till upplevelser p\u00e5 den andra sidan. Utmaningen \u00e4r att m\u00e5nga i regionen tar detta f\u00f6r givet, och gl\u00f6mmer av hur mycket de har att h\u00e4mta bara en brotur bort.\u00a0<\/p>\n<p>F\u00f6r att p\u00e5minna dem, och f\u00f6r att f\u00f6rknippa broturen med k\u00e4nslor blev m\u00e4nskliga drivkrafter k\u00e4rnan i konceptet.<\/p>\n<p>I &#8220;Vad tar du med dig hem?&#8221; ryms b\u00e5de danska delikatesser och m\u00f6ten med tigrarna p\u00e5 Zoo. Resan till andra sidan har olika drivkrafter beroende p\u00e5 vem vi talar med, men alla kommer hem med n\u00e5got.\u00a0<\/p>\n<p>Konceptet vann pitchen och hann precis lanseras innan covid st\u00e4ngde gr\u00e4nserna&#8230;<\/p>\t\t\t\t\t\t\t\t<\/div>\n\t\t\t\t<\/div>\n\t\t\t\t\t<\/div>\n\t\t<\/div>\n\t\t\t\t\t<\/div>\n\t\t<\/section>\n\t\t\t\t<section class=\"elementor-section elementor-top-section elementor-element elementor-element-3031948 elementor-section-boxed elementor-section-height-default elementor-section-height-default\" data-id=\"3031948\" data-element_type=\"section\" data-e-type=\"section\">\n\t\t\t\t\t\t<div class=\"elementor-container elementor-column-gap-default\">\n\t\t\t\t\t<div class=\"elementor-column elementor-col-25 elementor-top-column elementor-element elementor-element-2093d27\" data-id=\"2093d27\" data-element_type=\"column\" data-e-type=\"column\">\n\t\t\t<div class=\"elementor-widget-wrap\">\n\t\t\t\t\t\t\t<\/div>\n\t\t<\/div>\n\t\t\t\t<div class=\"elementor-column elementor-col-50 elementor-top-column elementor-element elementor-element-3186f6f\" data-id=\"3186f6f\" data-element_type=\"column\" data-e-type=\"column\">\n\t\t\t<div class=\"elementor-widget-wrap elementor-element-populated\">\n\t\t\t\t\t\t<div class=\"elementor-element elementor-element-1f8c6cd elementor-widget__width-inherit elementor-widget elementor-widget-video\" data-id=\"1f8c6cd\" data-element_type=\"widget\" data-e-type=\"widget\" data-settings=\"{&quot;youtube_url&quot;:&quot;https:\\\/\\\/youtu.be\\\/zXWQhVNNAQg&quot;,&quot;video_type&quot;:&quot;youtube&quot;,&quot;controls&quot;:&quot;yes&quot;}\" data-widget_type=\"video.default\">\n\t\t\t\t<div class=\"elementor-widget-container\">\n\t\t\t\t\t\t\t<div class=\"elementor-wrapper elementor-open-inline\">\n\t\t\t<div class=\"elementor-video\"><\/div>\t\t<\/div>\n\t\t\t\t\t\t<\/div>\n\t\t\t\t<\/div>\n\t\t\t\t\t<\/div>\n\t\t<\/div>\n\t\t\t\t<div class=\"elementor-column elementor-col-25 elementor-top-column elementor-element elementor-element-8088edb\" data-id=\"8088edb\" data-element_type=\"column\" data-e-type=\"column\">\n\t\t\t<div class=\"elementor-widget-wrap\">\n\t\t\t\t\t\t\t<\/div>\n\t\t<\/div>\n\t\t\t\t\t<\/div>\n\t\t<\/section>\n\t\t\t\t<\/div>\n\t\t","protected":false},"excerpt":{"rendered":"<p>Kund: \u00d8resundsbron (pitch)Freelance f\u00f6r: Advance, K\u00f6penhamn \u00d8resundsbron \u00e4r mer \u00e4n bara en bit asfalterad betong mellan Sverige och Danmark. Den kan ocks\u00e5 vara en brygga till upplevelser p\u00e5 den andra sidan. Utmaningen \u00e4r att m\u00e5nga i regionen tar detta f\u00f6r givet, och gl\u00f6mmer av hur mycket de har att h\u00e4mta bara en brotur bort.\u00a0 F\u00f6r [&hellip;]<\/p>\n","protected":false},"author":1,"featured_media":0,"parent":1541,"menu_order":0,"comment_status":"closed","ping_status":"closed","template":"elementor_header_footer","meta":{"footnotes":""},"class_list":["post-1537","page","type-page","status-publish","hentry"],"_links":{"self":[{"href":"https:\/\/www.geschmack-intl.com\/index.php?rest_route=\/wp\/v2\/pages\/1537","targetHints":{"allow":["GET"]}}],"collection":[{"href":"https:\/\/www.geschmack-intl.com\/index.php?rest_route=\/wp\/v2\/pages"}],"about":[{"href":"https:\/\/www.geschmack-intl.com\/index.php?rest_route=\/wp\/v2\/types\/page"}],"author":[{"embeddable":true,"href":"https:\/\/www.geschmack-intl.com\/index.php?rest_route=\/wp\/v2\/users\/1"}],"replies":[{"embeddable":true,"href":"https:\/\/www.geschmack-intl.com\/index.php?rest_route=%2Fwp%2Fv2%2Fcomments&post=1537"}],"version-history":[{"count":6,"href":"https:\/\/www.geschmack-intl.com\/index.php?rest_route=\/wp\/v2\/pages\/1537\/revisions"}],"predecessor-version":[{"id":2501,"href":"https:\/\/www.geschmack-intl.com\/index.php?rest_route=\/wp\/v2\/pages\/1537\/revisions\/2501"}],"up":[{"embeddable":true,"href":"https:\/\/www.geschmack-intl.com\/index.php?rest_route=\/wp\/v2\/pages\/1541"}],"wp:attachment":[{"href":"https:\/\/www.geschmack-intl.com\/index.php?rest_route=%2Fwp%2Fv2%2Fmedia&parent=1537"}],"curies":[{"name":"wp","href":"https:\/\/api.w.org\/{rel}","templated":true}]}}